{"id":1797,"date":"2025-10-09T23:00:09","date_gmt":"2025-10-09T23:00:09","guid":{"rendered":"https:\/\/azoreslab.com\/azoresyouthhostels\/?page_id=1797"},"modified":"2025-10-09T23:20:39","modified_gmt":"2025-10-09T23:20:39","slug":"faq","status":"publish","type":"page","link":"https:\/\/azoresyouthhostels.com\/en\/faq\/","title":{"rendered":"PERGUNTAS FREQUENTES"},"content":{"rendered":"<div data-elementor-type=\"wp-page\" data-elementor-id=\"1797\" class=\"elementor elementor-1797\" data-elementor-post-type=\"page\">\n\t\t\t\t<div class=\"elementor-element elementor-element-1ccd9d1 e-flex e-con-boxed e-con e-parent\" data-id=\"1ccd9d1\" data-element_type=\"container\" data-settings=\"{&quot;background_background&quot;:&quot;classic&quot;}\">\n\t\t\t\t\t<div class=\"e-con-inner\">\n\t\t<div class=\"elementor-element elementor-element-d3ad85b e-con-full e-flex e-con e-child\" data-id=\"d3ad85b\" data-element_type=\"container\">\n\t\t\t\t<div class=\"elementor-element elementor-element-46090b1 elementor-invisible elementor-widget elementor-widget-text-editor\" data-id=\"46090b1\" data-element_type=\"widget\" data-settings=\"{&quot;_animation&quot;:&quot;fadeInUp&quot;}\" data-widget_type=\"text-editor.default\">\n\t\t\t\t<div class=\"elementor-widget-container\">\n\t\t\t\t\t\t\t\t\t<p>respondemos a<\/p>\t\t\t\t\t\t\t\t<\/div>\n\t\t\t\t<\/div>\n\t\t\t\t<div class=\"elementor-element elementor-element-f613cac elementor-widget__width-auto elementor-widget-laptop__width-auto elementor-widget-tablet_extra__width-auto elementor-widget-mobile_extra__width-auto elementor-widget-mobile__width-initial elementor-invisible elementor-widget elementor-widget-heading\" data-id=\"f613cac\" data-element_type=\"widget\" data-settings=\"{&quot;_animation&quot;:&quot;fadeInUp&quot;}\" data-widget_type=\"heading.default\">\n\t\t\t\t<div class=\"elementor-widget-container\">\n\t\t\t\t\t<h1 class=\"elementor-heading-title elementor-size-default\">PERGUNTAS FREQUENTES<\/h1>\t\t\t\t<\/div>\n\t\t\t\t<\/div>\n\t\t\t\t<div class=\"elementor-element elementor-element-0fb8a37 elementor-widget elementor-widget-spacer\" data-id=\"0fb8a37\" data-element_type=\"widget\" data-widget_type=\"spacer.default\">\n\t\t\t\t<div class=\"elementor-widget-container\">\n\t\t\t\t\t\t\t<div class=\"elementor-spacer\">\n\t\t\t<div class=\"elementor-spacer-inner\"><\/div>\n\t\t<\/div>\n\t\t\t\t\t\t<\/div>\n\t\t\t\t<\/div>\n\t\t\t\t<\/div>\n\t\t\t\t\t<\/div>\n\t\t\t\t<\/div>\n\t\t<div class=\"elementor-element elementor-element-1f07ae7 e-con-full e-flex elementor-invisible e-con e-parent\" data-id=\"1f07ae7\" data-element_type=\"container\" data-settings=\"{&quot;background_background&quot;:&quot;classic&quot;,&quot;animation&quot;:&quot;fadeInLeft&quot;}\">\n\t\t<div class=\"elementor-element elementor-element-8ec440f e-con-full e-flex e-con e-child\" data-id=\"8ec440f\" data-element_type=\"container\" data-settings=\"{&quot;background_background&quot;:&quot;classic&quot;}\">\n\t\t\t\t<\/div>\n\t\t<div class=\"elementor-element elementor-element-acf89a7 e-con-full e-flex e-con e-child\" data-id=\"acf89a7\" data-element_type=\"container\">\n\t\t\t\t<\/div>\n\t\t\t\t<\/div>\n\t\t<div class=\"elementor-element elementor-element-792a4a4c e-flex e-con-boxed e-con e-parent\" data-id=\"792a4a4c\" data-element_type=\"container\">\n\t\t\t\t\t<div class=\"e-con-inner\">\n\t\t\t\t<div class=\"elementor-element elementor-element-3c09d3cc elementor-widget elementor-widget-heading\" data-id=\"3c09d3cc\" data-element_type=\"widget\" data-widget_type=\"heading.default\">\n\t\t\t\t<div class=\"elementor-widget-container\">\n\t\t\t\t\t<h2 class=\"elementor-heading-title elementor-size-default\">aqui encontrar\u00e1s<\/h2>\t\t\t\t<\/div>\n\t\t\t\t<\/div>\n\t\t\t\t<div class=\"elementor-element elementor-element-13338f16 elementor-widget elementor-widget-heading\" data-id=\"13338f16\" data-element_type=\"widget\" data-widget_type=\"heading.default\">\n\t\t\t\t<div class=\"elementor-widget-container\">\n\t\t\t\t\t<h2 class=\"elementor-heading-title elementor-size-default\">toda a informa\u00e7\u00e3o necess\u00e1ria para tornar a tua estadia simples, c\u00f3moda e sem surpresas<\/h2>\t\t\t\t<\/div>\n\t\t\t\t<\/div>\n\t\t\t\t\t<\/div>\n\t\t\t\t<\/div>\n\t\t<div class=\"elementor-element elementor-element-3520b3f4 e-flex e-con-boxed e-con e-parent\" data-id=\"3520b3f4\" data-element_type=\"container\">\n\t\t\t\t\t<div class=\"e-con-inner\">\n\t\t<div class=\"elementor-element elementor-element-5766492b e-con-full e-flex e-con e-child\" data-id=\"5766492b\" data-element_type=\"container\">\n\t\t\t\t<div class=\"elementor-element elementor-element-a385563 elementor-widget elementor-widget-tp-accordion\" data-id=\"a385563\" data-element_type=\"widget\" data-widget_type=\"tp-accordion.default\">\n\t\t\t\t<div class=\"elementor-widget-container\">\n\t\t\t\t\t\t\t<div class=\"theplus-accordion-wrapper elementor-accordion\" id=\"accordion69ecc0e817b08\" data-accordion-id=\"accordion69ecc0e817b08\" data-accordion-type=\"accordion\" data-toogle-speed=\"300\"   role=\"tablist\">\n\t\t\t\t\t\t\t\n\t\t\t\t<div class=\"theplus-accordion-item\">\n\t\t\t\t\t<div id=\"elementor-tab-title-1711\" class=\"elementor-tab-title plus-accordion-header active-default\" tabindex=\"1711\" data-tab=\"1\" role=\"tab\" aria-controls=\"elementor-tab-content-1711\">\n\t\t\t\t\t\t<span style=\"width:100%\">Lorem ipsum dolor sit amet, consectetur<\/span><span class=\"elementor-accordion-icon elementor-accordion-icon-right\" aria-hidden=\"true\"><i class=\"elementor-accordion-icon-closed fa fa-plus\"><\/i><i class=\"elementor-accordion-icon-opened fa fa-minus\"><\/i><\/span>\n\t\t\t\t\t<\/div>  \n\n\t\t\t\t\t\t\t\t\t\t\t<div id=\"elementor-tab-content-1711\" class=\"elementor-tab-content elementor-clearfix plus-accordion-content active-default\" data-tab=\"1\" role=\"tabpanel\" aria-labelledby=\"elementor-tab-title-1711\">\n\t\t\t\t\t\t\t<div class=\"plus-content-editor\"><p>I am item content. Click edit button to change this text. Lorem ipsum dolor sit amet, consectetur adipiscing elit. Ut elit tellus, luctus nec ullamcorper mattis, pulvinar dapibus leo.<\/p><\/div>\n\t\t\t\t\t\t<\/div>\n\t\t\t\t\t\n\t\t\t\t<\/div>\n\n\t\t\t\t\t\t\t\n\t\t\t\t<div class=\"theplus-accordion-item\">\n\t\t\t\t\t<div id=\"elementor-tab-title-1712\" class=\"elementor-tab-title plus-accordion-header no\" tabindex=\"1712\" data-tab=\"2\" role=\"tab\" aria-controls=\"elementor-tab-content-1712\">\n\t\t\t\t\t\t<span style=\"width:100%\">adipiscing elit, sed do eiusmod tempor<\/span><span class=\"elementor-accordion-icon elementor-accordion-icon-right\" aria-hidden=\"true\"><i class=\"elementor-accordion-icon-closed fa fa-plus\"><\/i><i class=\"elementor-accordion-icon-opened fa fa-minus\"><\/i><\/span>\n\t\t\t\t\t<\/div>  \n\n\t\t\t\t\t\t\t\t\t\t\t<div id=\"elementor-tab-content-1712\" class=\"elementor-tab-content elementor-clearfix plus-accordion-content no\" data-tab=\"2\" role=\"tabpanel\" aria-labelledby=\"elementor-tab-title-1712\">\n\t\t\t\t\t\t\t<div class=\"plus-content-editor\"><p>I am item content. Click edit button to change this text. Lorem ipsum dolor sit amet, consectetur adipiscing elit. Ut elit tellus, luctus nec ullamcorper mattis, pulvinar dapibus leo.<\/p><\/div>\n\t\t\t\t\t\t<\/div>\n\t\t\t\t\t\n\t\t\t\t<\/div>\n\n\t\t\t\t\t\t\t\n\t\t\t\t<div class=\"theplus-accordion-item\">\n\t\t\t\t\t<div id=\"elementor-tab-title-1713\" class=\"elementor-tab-title plus-accordion-header no\" tabindex=\"1713\" data-tab=\"3\" role=\"tab\" aria-controls=\"elementor-tab-content-1713\">\n\t\t\t\t\t\t<span style=\"width:100%\">incididunt ut labore et dolore magna<\/span><span class=\"elementor-accordion-icon elementor-accordion-icon-right\" aria-hidden=\"true\"><i class=\"elementor-accordion-icon-closed fa fa-plus\"><\/i><i class=\"elementor-accordion-icon-opened fa fa-minus\"><\/i><\/span>\n\t\t\t\t\t<\/div>  \n\n\t\t\t\t\t\t\t\t\t\t\t<div id=\"elementor-tab-content-1713\" class=\"elementor-tab-content elementor-clearfix plus-accordion-content no\" data-tab=\"3\" role=\"tabpanel\" aria-labelledby=\"elementor-tab-title-1713\">\n\t\t\t\t\t\t\t<div class=\"plus-content-editor\"><p>I am item content. Click edit button to change this text. Lorem ipsum dolor sit amet, consectetur adipiscing elit. Ut elit tellus, luctus nec ullamcorper mattis, pulvinar dapibus leo.<\/p><\/div>\n\t\t\t\t\t\t<\/div>\n\t\t\t\t\t\n\t\t\t\t<\/div>\n\n\t\t\t\t\t\t\t\n\t\t\t\t<div class=\"theplus-accordion-item\">\n\t\t\t\t\t<div id=\"elementor-tab-title-1714\" class=\"elementor-tab-title plus-accordion-header no\" tabindex=\"1714\" data-tab=\"4\" role=\"tab\" aria-controls=\"elementor-tab-content-1714\">\n\t\t\t\t\t\t<span style=\"width:100%\">Lorem ipsum dolor sit amet, consectetur<\/span><span class=\"elementor-accordion-icon elementor-accordion-icon-right\" aria-hidden=\"true\"><i class=\"elementor-accordion-icon-closed fa fa-plus\"><\/i><i class=\"elementor-accordion-icon-opened fa fa-minus\"><\/i><\/span>\n\t\t\t\t\t<\/div>  \n\n\t\t\t\t\t\t\t\t\t\t\t<div id=\"elementor-tab-content-1714\" class=\"elementor-tab-content elementor-clearfix plus-accordion-content no\" data-tab=\"4\" role=\"tabpanel\" aria-labelledby=\"elementor-tab-title-1714\">\n\t\t\t\t\t\t\t<div class=\"plus-content-editor\"><p>I am item content. Click edit button to change this text. Lorem ipsum dolor sit amet, consectetur adipiscing elit. Ut elit tellus, luctus nec ullamcorper mattis, pulvinar dapibus leo.<\/p><\/div>\n\t\t\t\t\t\t<\/div>\n\t\t\t\t\t\n\t\t\t\t<\/div>\n\n\t\t\t\t\t<\/div>\n\t\t\t\t\t\t<\/div>\n\t\t\t\t<\/div>\n\t\t\t\t<\/div>\n\t\t<div class=\"elementor-element elementor-element-433ddd18 e-con-full e-flex e-con e-child\" data-id=\"433ddd18\" data-element_type=\"container\">\n\t\t\t\t<div class=\"elementor-element elementor-element-5bf91cbc elementor-widget elementor-widget-tp-accordion\" data-id=\"5bf91cbc\" data-element_type=\"widget\" data-widget_type=\"tp-accordion.default\">\n\t\t\t\t<div class=\"elementor-widget-container\">\n\t\t\t\t\t\t\t<div class=\"theplus-accordion-wrapper elementor-accordion\" id=\"accordion69ecc0e81a820\" data-accordion-id=\"accordion69ecc0e81a820\" data-accordion-type=\"accordion\" data-toogle-speed=\"300\"   role=\"tablist\">\n\t\t\t\t\t\t\t\n\t\t\t\t<div class=\"theplus-accordion-item\">\n\t\t\t\t\t<div id=\"elementor-tab-title-1541\" class=\"elementor-tab-title plus-accordion-header active-default\" tabindex=\"1541\" data-tab=\"1\" role=\"tab\" aria-controls=\"elementor-tab-content-1541\">\n\t\t\t\t\t\t<span style=\"width:100%\">Lorem ipsum dolor sit amet, consectetur<\/span><span class=\"elementor-accordion-icon elementor-accordion-icon-right\" aria-hidden=\"true\"><i class=\"elementor-accordion-icon-closed fa fa-plus\"><\/i><i class=\"elementor-accordion-icon-opened fa fa-minus\"><\/i><\/span>\n\t\t\t\t\t<\/div>  \n\n\t\t\t\t\t\t\t\t\t\t\t<div id=\"elementor-tab-content-1541\" class=\"elementor-tab-content elementor-clearfix plus-accordion-content active-default\" data-tab=\"1\" role=\"tabpanel\" aria-labelledby=\"elementor-tab-title-1541\">\n\t\t\t\t\t\t\t<div class=\"plus-content-editor\"><p>I am item content. Click edit button to change this text. Lorem ipsum dolor sit amet, consectetur adipiscing elit. Ut elit tellus, luctus nec ullamcorper mattis, pulvinar dapibus leo.<\/p><\/div>\n\t\t\t\t\t\t<\/div>\n\t\t\t\t\t\n\t\t\t\t<\/div>\n\n\t\t\t\t\t\t\t\n\t\t\t\t<div class=\"theplus-accordion-item\">\n\t\t\t\t\t<div id=\"elementor-tab-title-1542\" class=\"elementor-tab-title plus-accordion-header no\" tabindex=\"1542\" data-tab=\"2\" role=\"tab\" aria-controls=\"elementor-tab-content-1542\">\n\t\t\t\t\t\t<span style=\"width:100%\">adipiscing elit, sed do eiusmod tempor<\/span><span class=\"elementor-accordion-icon elementor-accordion-icon-right\" aria-hidden=\"true\"><i class=\"elementor-accordion-icon-closed fa fa-plus\"><\/i><i class=\"elementor-accordion-icon-opened fa fa-minus\"><\/i><\/span>\n\t\t\t\t\t<\/div>  \n\n\t\t\t\t\t\t\t\t\t\t\t<div id=\"elementor-tab-content-1542\" class=\"elementor-tab-content elementor-clearfix plus-accordion-content no\" data-tab=\"2\" role=\"tabpanel\" aria-labelledby=\"elementor-tab-title-1542\">\n\t\t\t\t\t\t\t<div class=\"plus-content-editor\"><p>I am item content. Click edit button to change this text. Lorem ipsum dolor sit amet, consectetur adipiscing elit. Ut elit tellus, luctus nec ullamcorper mattis, pulvinar dapibus leo.<\/p><\/div>\n\t\t\t\t\t\t<\/div>\n\t\t\t\t\t\n\t\t\t\t<\/div>\n\n\t\t\t\t\t\t\t\n\t\t\t\t<div class=\"theplus-accordion-item\">\n\t\t\t\t\t<div id=\"elementor-tab-title-1543\" class=\"elementor-tab-title plus-accordion-header no\" tabindex=\"1543\" data-tab=\"3\" role=\"tab\" aria-controls=\"elementor-tab-content-1543\">\n\t\t\t\t\t\t<span style=\"width:100%\">incididunt ut labore et dolore magna<\/span><span class=\"elementor-accordion-icon elementor-accordion-icon-right\" aria-hidden=\"true\"><i class=\"elementor-accordion-icon-closed fa fa-plus\"><\/i><i class=\"elementor-accordion-icon-opened fa fa-minus\"><\/i><\/span>\n\t\t\t\t\t<\/div>  \n\n\t\t\t\t\t\t\t\t\t\t\t<div id=\"elementor-tab-content-1543\" class=\"elementor-tab-content elementor-clearfix plus-accordion-content no\" data-tab=\"3\" role=\"tabpanel\" aria-labelledby=\"elementor-tab-title-1543\">\n\t\t\t\t\t\t\t<div class=\"plus-content-editor\"><p>I am item content. Click edit button to change this text. Lorem ipsum dolor sit amet, consectetur adipiscing elit. Ut elit tellus, luctus nec ullamcorper mattis, pulvinar dapibus leo.<\/p><\/div>\n\t\t\t\t\t\t<\/div>\n\t\t\t\t\t\n\t\t\t\t<\/div>\n\n\t\t\t\t\t\t\t\n\t\t\t\t<div class=\"theplus-accordion-item\">\n\t\t\t\t\t<div id=\"elementor-tab-title-1544\" class=\"elementor-tab-title plus-accordion-header no\" tabindex=\"1544\" data-tab=\"4\" role=\"tab\" aria-controls=\"elementor-tab-content-1544\">\n\t\t\t\t\t\t<span style=\"width:100%\">Lorem ipsum dolor sit amet, consectetur<\/span><span class=\"elementor-accordion-icon elementor-accordion-icon-right\" aria-hidden=\"true\"><i class=\"elementor-accordion-icon-closed fa fa-plus\"><\/i><i class=\"elementor-accordion-icon-opened fa fa-minus\"><\/i><\/span>\n\t\t\t\t\t<\/div>  \n\n\t\t\t\t\t\t\t\t\t\t\t<div id=\"elementor-tab-content-1544\" class=\"elementor-tab-content elementor-clearfix plus-accordion-content no\" data-tab=\"4\" role=\"tabpanel\" aria-labelledby=\"elementor-tab-title-1544\">\n\t\t\t\t\t\t\t<div class=\"plus-content-editor\"><p>I am item content. Click edit button to change this text. Lorem ipsum dolor sit amet, consectetur adipiscing elit. Ut elit tellus, luctus nec ullamcorper mattis, pulvinar dapibus leo.<\/p><\/div>\n\t\t\t\t\t\t<\/div>\n\t\t\t\t\t\n\t\t\t\t<\/div>\n\n\t\t\t\t\t<\/div>\n\t\t\t\t\t\t<\/div>\n\t\t\t\t<\/div>\n\t\t\t\t<\/div>\n\t\t\t\t\t<\/div>\n\t\t\t\t<\/div>\n\t\t<div class=\"elementor-element elementor-element-28718750 e-flex e-con-boxed e-con e-parent\" data-id=\"28718750\" data-element_type=\"container\" data-settings=\"{&quot;background_background&quot;:&quot;classic&quot;}\">\n\t\t\t\t\t<div class=\"e-con-inner\">\n\t\t<div class=\"elementor-element elementor-element-657f4368 e-con-full e-flex e-con e-child\" data-id=\"657f4368\" data-element_type=\"container\">\n\t\t\t\t<div class=\"elementor-element elementor-element-35bad109 elementor-widget elementor-widget-tp-accordion\" data-id=\"35bad109\" data-element_type=\"widget\" data-widget_type=\"tp-accordion.default\">\n\t\t\t\t<div class=\"elementor-widget-container\">\n\t\t\t\t\t\t\t<div class=\"theplus-accordion-wrapper elementor-accordion\" id=\"accordion69ecc0e81d44e\" data-accordion-id=\"accordion69ecc0e81d44e\" data-accordion-type=\"accordion\" data-toogle-speed=\"300\"   role=\"tablist\">\n\t\t\t\t\t\t\t\n\t\t\t\t<div class=\"theplus-accordion-item\">\n\t\t\t\t\t<div id=\"elementor-tab-title-9011\" class=\"elementor-tab-title plus-accordion-header active-default\" tabindex=\"9011\" data-tab=\"1\" role=\"tab\" aria-controls=\"elementor-tab-content-9011\">\n\t\t\t\t\t\t<span style=\"width:100%\">Lorem ipsum dolor sit amet, consectetur<\/span><span class=\"elementor-accordion-icon elementor-accordion-icon-right\" aria-hidden=\"true\"><i class=\"elementor-accordion-icon-closed fa fa-plus\"><\/i><i class=\"elementor-accordion-icon-opened fa fa-minus\"><\/i><\/span>\n\t\t\t\t\t<\/div>  \n\n\t\t\t\t\t\t\t\t\t\t\t<div id=\"elementor-tab-content-9011\" class=\"elementor-tab-content elementor-clearfix plus-accordion-content active-default\" data-tab=\"1\" role=\"tabpanel\" aria-labelledby=\"elementor-tab-title-9011\">\n\t\t\t\t\t\t\t<div class=\"plus-content-editor\"><p>I am item content. Click edit button to change this text. Lorem ipsum dolor sit amet, consectetur adipiscing elit. Ut elit tellus, luctus nec ullamcorper mattis, pulvinar dapibus leo.<\/p><\/div>\n\t\t\t\t\t\t<\/div>\n\t\t\t\t\t\n\t\t\t\t<\/div>\n\n\t\t\t\t\t\t\t\n\t\t\t\t<div class=\"theplus-accordion-item\">\n\t\t\t\t\t<div id=\"elementor-tab-title-9012\" class=\"elementor-tab-title plus-accordion-header no\" tabindex=\"9012\" data-tab=\"2\" role=\"tab\" aria-controls=\"elementor-tab-content-9012\">\n\t\t\t\t\t\t<span style=\"width:100%\">adipiscing elit, sed do eiusmod tempor<\/span><span class=\"elementor-accordion-icon elementor-accordion-icon-right\" aria-hidden=\"true\"><i class=\"elementor-accordion-icon-closed fa fa-plus\"><\/i><i class=\"elementor-accordion-icon-opened fa fa-minus\"><\/i><\/span>\n\t\t\t\t\t<\/div>  \n\n\t\t\t\t\t\t\t\t\t\t\t<div id=\"elementor-tab-content-9012\" class=\"elementor-tab-content elementor-clearfix plus-accordion-content no\" data-tab=\"2\" role=\"tabpanel\" aria-labelledby=\"elementor-tab-title-9012\">\n\t\t\t\t\t\t\t<div class=\"plus-content-editor\"><p>I am item content. Click edit button to change this text. Lorem ipsum dolor sit amet, consectetur adipiscing elit. Ut elit tellus, luctus nec ullamcorper mattis, pulvinar dapibus leo.<\/p><\/div>\n\t\t\t\t\t\t<\/div>\n\t\t\t\t\t\n\t\t\t\t<\/div>\n\n\t\t\t\t\t\t\t\n\t\t\t\t<div class=\"theplus-accordion-item\">\n\t\t\t\t\t<div id=\"elementor-tab-title-9013\" class=\"elementor-tab-title plus-accordion-header no\" tabindex=\"9013\" data-tab=\"3\" role=\"tab\" aria-controls=\"elementor-tab-content-9013\">\n\t\t\t\t\t\t<span style=\"width:100%\">incididunt ut labore et dolore magna<\/span><span class=\"elementor-accordion-icon elementor-accordion-icon-right\" aria-hidden=\"true\"><i class=\"elementor-accordion-icon-closed fa fa-plus\"><\/i><i class=\"elementor-accordion-icon-opened fa fa-minus\"><\/i><\/span>\n\t\t\t\t\t<\/div>  \n\n\t\t\t\t\t\t\t\t\t\t\t<div id=\"elementor-tab-content-9013\" class=\"elementor-tab-content elementor-clearfix plus-accordion-content no\" data-tab=\"3\" role=\"tabpanel\" aria-labelledby=\"elementor-tab-title-9013\">\n\t\t\t\t\t\t\t<div class=\"plus-content-editor\"><p>I am item content. Click edit button to change this text. Lorem ipsum dolor sit amet, consectetur adipiscing elit. Ut elit tellus, luctus nec ullamcorper mattis, pulvinar dapibus leo.<\/p><\/div>\n\t\t\t\t\t\t<\/div>\n\t\t\t\t\t\n\t\t\t\t<\/div>\n\n\t\t\t\t\t<\/div>\n\t\t\t\t\t\t<\/div>\n\t\t\t\t<\/div>\n\t\t\t\t<\/div>\n\t\t<div class=\"elementor-element elementor-element-3cd79977 e-con-full e-flex e-con e-child\" data-id=\"3cd79977\" data-element_type=\"container\">\n\t\t\t\t<div class=\"elementor-element elementor-element-388d4511 elementor-widget elementor-widget-tp-accordion\" data-id=\"388d4511\" data-element_type=\"widget\" data-widget_type=\"tp-accordion.default\">\n\t\t\t\t<div class=\"elementor-widget-container\">\n\t\t\t\t\t\t\t<div class=\"theplus-accordion-wrapper elementor-accordion\" id=\"accordion69ecc0e820157\" data-accordion-id=\"accordion69ecc0e820157\" data-accordion-type=\"accordion\" data-toogle-speed=\"300\"   role=\"tablist\">\n\t\t\t\t\t\t\t\n\t\t\t\t<div class=\"theplus-accordion-item\">\n\t\t\t\t\t<div id=\"elementor-tab-title-9481\" class=\"elementor-tab-title plus-accordion-header active-default\" tabindex=\"9481\" data-tab=\"1\" role=\"tab\" aria-controls=\"elementor-tab-content-9481\">\n\t\t\t\t\t\t<span style=\"width:100%\">Lorem ipsum dolor sit amet, consectetur<\/span><span class=\"elementor-accordion-icon elementor-accordion-icon-right\" aria-hidden=\"true\"><i class=\"elementor-accordion-icon-closed fa fa-plus\"><\/i><i class=\"elementor-accordion-icon-opened fa fa-minus\"><\/i><\/span>\n\t\t\t\t\t<\/div>  \n\n\t\t\t\t\t\t\t\t\t\t\t<div id=\"elementor-tab-content-9481\" class=\"elementor-tab-content elementor-clearfix plus-accordion-content active-default\" data-tab=\"1\" role=\"tabpanel\" aria-labelledby=\"elementor-tab-title-9481\">\n\t\t\t\t\t\t\t<div class=\"plus-content-editor\"><p>I am item content. Click edit button to change this text. Lorem ipsum dolor sit amet, consectetur adipiscing elit. Ut elit tellus, luctus nec ullamcorper mattis, pulvinar dapibus leo.<\/p><\/div>\n\t\t\t\t\t\t<\/div>\n\t\t\t\t\t\n\t\t\t\t<\/div>\n\n\t\t\t\t\t\t\t\n\t\t\t\t<div class=\"theplus-accordion-item\">\n\t\t\t\t\t<div id=\"elementor-tab-title-9482\" class=\"elementor-tab-title plus-accordion-header no\" tabindex=\"9482\" data-tab=\"2\" role=\"tab\" aria-controls=\"elementor-tab-content-9482\">\n\t\t\t\t\t\t<span style=\"width:100%\">adipiscing elit, sed do eiusmod tempor<\/span><span class=\"elementor-accordion-icon elementor-accordion-icon-right\" aria-hidden=\"true\"><i class=\"elementor-accordion-icon-closed fa fa-plus\"><\/i><i class=\"elementor-accordion-icon-opened fa fa-minus\"><\/i><\/span>\n\t\t\t\t\t<\/div>  \n\n\t\t\t\t\t\t\t\t\t\t\t<div id=\"elementor-tab-content-9482\" class=\"elementor-tab-content elementor-clearfix plus-accordion-content no\" data-tab=\"2\" role=\"tabpanel\" aria-labelledby=\"elementor-tab-title-9482\">\n\t\t\t\t\t\t\t<div class=\"plus-content-editor\"><p>I am item content. Click edit button to change this text. Lorem ipsum dolor sit amet, consectetur adipiscing elit. Ut elit tellus, luctus nec ullamcorper mattis, pulvinar dapibus leo.<\/p><\/div>\n\t\t\t\t\t\t<\/div>\n\t\t\t\t\t\n\t\t\t\t<\/div>\n\n\t\t\t\t\t\t\t\n\t\t\t\t<div class=\"theplus-accordion-item\">\n\t\t\t\t\t<div id=\"elementor-tab-title-9483\" class=\"elementor-tab-title plus-accordion-header no\" tabindex=\"9483\" data-tab=\"3\" role=\"tab\" aria-controls=\"elementor-tab-content-9483\">\n\t\t\t\t\t\t<span style=\"width:100%\">incididunt ut labore et dolore magna<\/span><span class=\"elementor-accordion-icon elementor-accordion-icon-right\" aria-hidden=\"true\"><i class=\"elementor-accordion-icon-closed fa fa-plus\"><\/i><i class=\"elementor-accordion-icon-opened fa fa-minus\"><\/i><\/span>\n\t\t\t\t\t<\/div>  \n\n\t\t\t\t\t\t\t\t\t\t\t<div id=\"elementor-tab-content-9483\" class=\"elementor-tab-content elementor-clearfix plus-accordion-content no\" data-tab=\"3\" role=\"tabpanel\" aria-labelledby=\"elementor-tab-title-9483\">\n\t\t\t\t\t\t\t<div class=\"plus-content-editor\"><p>I am item content. Click edit button to change this text. Lorem ipsum dolor sit amet, consectetur adipiscing elit. Ut elit tellus, luctus nec ullamcorper mattis, pulvinar dapibus leo.<\/p><\/div>\n\t\t\t\t\t\t<\/div>\n\t\t\t\t\t\n\t\t\t\t<\/div>\n\n\t\t\t\t\t<\/div>\n\t\t\t\t\t\t<\/div>\n\t\t\t\t<\/div>\n\t\t\t\t<\/div>\n\t\t\t\t\t<\/div>\n\t\t\t\t<\/div>\n\t\t\t\t<\/div>","protected":false},"excerpt":{"rendered":"<p>Aqui encontrar\u00e1s toda a informa\u00e7\u00e3o necess\u00e1ria para tornar a tua estadia simples, c\u00f3moda e sem surpresas.<\/p>","protected":false},"author":1,"featured_media":1799,"parent":0,"menu_order":17,"comment_status":"closed","ping_status":"closed","template":"","meta":{"_acf_changed":false,"footnotes":""},"class_list":["post-1797","page","type-page","status-publish","has-post-thumbnail","hentry"],"acf":[],"_links":{"self":[{"href":"https:\/\/azoresyouthhostels.com\/en\/wp-json\/wp\/v2\/pages\/1797","targetHints":{"allow":["GET"]}}],"collection":[{"href":"https:\/\/azoresyouthhostels.com\/en\/wp-json\/wp\/v2\/pages"}],"about":[{"href":"https:\/\/azoresyouthhostels.com\/en\/wp-json\/wp\/v2\/types\/page"}],"author":[{"embeddable":true,"href":"https:\/\/azoresyouthhostels.com\/en\/wp-json\/wp\/v2\/users\/1"}],"replies":[{"embeddable":true,"href":"https:\/\/azoresyouthhostels.com\/en\/wp-json\/wp\/v2\/comments?post=1797"}],"version-history":[{"count":0,"href":"https:\/\/azoresyouthhostels.com\/en\/wp-json\/wp\/v2\/pages\/1797\/revisions"}],"wp:featuredmedia":[{"embeddable":true,"href":"https:\/\/azoresyouthhostels.com\/en\/wp-json\/wp\/v2\/media\/1799"}],"wp:attachment":[{"href":"https:\/\/azoresyouthhostels.com\/en\/wp-json\/wp\/v2\/media?parent=1797"}],"curies":[{"name":"wp","href":"https:\/\/api.w.org\/{rel}","templated":true}]}}