{"id":2097,"date":"2026-03-30T19:13:46","date_gmt":"2026-03-30T19:13:46","guid":{"rendered":"https:\/\/azoreslab.com\/azoresyouthhostels\/?page_id=2097"},"modified":"2026-03-31T13:06:47","modified_gmt":"2026-03-31T13:06:47","slug":"recruitment","status":"publish","type":"page","link":"https:\/\/azoresyouthhostels.com\/en\/recruitment\/","title":{"rendered":"RECRUTAMENTO"},"content":{"rendered":"<div data-elementor-type=\"wp-page\" data-elementor-id=\"2097\" class=\"elementor elementor-2097\" data-elementor-post-type=\"page\">\n\t\t\t\t<div class=\"elementor-element elementor-element-1ccd9d1 e-flex e-con-boxed e-con e-parent\" data-id=\"1ccd9d1\" data-element_type=\"container\" data-settings=\"{&quot;background_background&quot;:&quot;classic&quot;}\">\n\t\t\t\t\t<div class=\"e-con-inner\">\n\t\t<div class=\"elementor-element elementor-element-d3ad85b e-con-full e-flex e-con e-child\" data-id=\"d3ad85b\" data-element_type=\"container\">\n\t\t\t\t<div class=\"elementor-element elementor-element-46090b1 elementor-invisible elementor-widget elementor-widget-text-editor\" data-id=\"46090b1\" data-element_type=\"widget\" data-settings=\"{&quot;_animation&quot;:&quot;fadeInUp&quot;}\" data-widget_type=\"text-editor.default\">\n\t\t\t\t<div class=\"elementor-widget-container\">\n\t\t\t\t\t\t\t\t\t<p>respondemos a<\/p>\t\t\t\t\t\t\t\t<\/div>\n\t\t\t\t<\/div>\n\t\t\t\t<div class=\"elementor-element elementor-element-f613cac elementor-widget__width-auto elementor-widget-laptop__width-auto elementor-widget-tablet_extra__width-auto elementor-widget-mobile_extra__width-auto elementor-widget-mobile__width-initial elementor-invisible elementor-widget elementor-widget-heading\" data-id=\"f613cac\" data-element_type=\"widget\" data-settings=\"{&quot;_animation&quot;:&quot;fadeInUp&quot;}\" data-widget_type=\"heading.default\">\n\t\t\t\t<div class=\"elementor-widget-container\">\n\t\t\t\t\t<h1 class=\"elementor-heading-title elementor-size-default\">RECRUTAMENTO<\/h1>\t\t\t\t<\/div>\n\t\t\t\t<\/div>\n\t\t\t\t<div class=\"elementor-element elementor-element-0fb8a37 elementor-widget elementor-widget-spacer\" data-id=\"0fb8a37\" data-element_type=\"widget\" data-widget_type=\"spacer.default\">\n\t\t\t\t<div class=\"elementor-widget-container\">\n\t\t\t\t\t\t\t<div class=\"elementor-spacer\">\n\t\t\t<div class=\"elementor-spacer-inner\"><\/div>\n\t\t<\/div>\n\t\t\t\t\t\t<\/div>\n\t\t\t\t<\/div>\n\t\t\t\t<\/div>\n\t\t\t\t\t<\/div>\n\t\t\t\t<\/div>\n\t\t<div class=\"elementor-element elementor-element-1f07ae7 e-con-full e-flex elementor-invisible e-con e-parent\" data-id=\"1f07ae7\" data-element_type=\"container\" data-settings=\"{&quot;background_background&quot;:&quot;classic&quot;,&quot;animation&quot;:&quot;fadeInLeft&quot;}\">\n\t\t<div class=\"elementor-element elementor-element-8ec440f e-con-full e-flex e-con e-child\" data-id=\"8ec440f\" data-element_type=\"container\" data-settings=\"{&quot;background_background&quot;:&quot;classic&quot;}\">\n\t\t\t\t<\/div>\n\t\t<div class=\"elementor-element elementor-element-acf89a7 e-con-full e-flex e-con e-child\" data-id=\"acf89a7\" data-element_type=\"container\">\n\t\t\t\t<\/div>\n\t\t\t\t<\/div>\n\t\t<div class=\"elementor-element elementor-element-792a4a4c e-flex e-con-boxed e-con e-parent\" data-id=\"792a4a4c\" data-element_type=\"container\">\n\t\t\t\t\t<div class=\"e-con-inner\">\n\t\t\t\t<div class=\"elementor-element elementor-element-89c3016 elementor-widget elementor-widget-shortcode\" data-id=\"89c3016\" data-element_type=\"widget\" data-widget_type=\"shortcode.default\">\n\t\t\t\t<div class=\"elementor-widget-container\">\n\t\t\t\t\t\t\t<div class=\"elementor-shortcode\"><div id=\"quform-1eecd5\" class=\"quform quform-1 quform-theme-simple quform-support-page-caching\"><form id=\"quform-form-1eecd5\" class=\"quform-form quform-form-1\" action=\"\/en\/wp-json\/wp\/v2\/pages\/2097#quform-1eecd5\" method=\"post\" enctype=\"multipart\/form-data\" novalidate=\"novalidate\" data-options=\"{&quot;id&quot;:1,&quot;uniqueId&quot;:&quot;1eecd5&quot;,&quot;theme&quot;:&quot;simple&quot;,&quot;ajax&quot;:true,&quot;logic&quot;:{&quot;logic&quot;:{&quot;134&quot;:{&quot;action&quot;:true,&quot;match&quot;:&quot;all&quot;,&quot;rules&quot;:[{&quot;elementId&quot;:&quot;132&quot;,&quot;operator&quot;:&quot;eq&quot;,&quot;optionId&quot;:&quot;6&quot;,&quot;value&quot;:&quot;Outro&quot;}]}},&quot;dependents&quot;:{&quot;132&quot;:[134]},&quot;elementIds&quot;:[134],&quot;dependentElementIds&quot;:[&quot;132&quot;],&quot;animate&quot;:true},&quot;currentPageId&quot;:29,&quot;errorsIcon&quot;:&quot;&quot;,&quot;updateFancybox&quot;:true,&quot;hasPages&quot;:false,&quot;pages&quot;:[29],&quot;pageProgressType&quot;:&quot;percentage&quot;,&quot;tooltipsEnabled&quot;:true,&quot;tooltipClasses&quot;:&quot;qtip-quform-dark qtip-shadow&quot;,&quot;tooltipMy&quot;:&quot;left center&quot;,&quot;tooltipAt&quot;:&quot;right center&quot;,&quot;isRtl&quot;:false,&quot;scrollOffset&quot;:-50,&quot;scrollSpeed&quot;:800}\" data-trp-original-action=\"\/en\/wp-json\/wp\/v2\/pages\/2097#quform-1eecd5\"><button class=\"quform-default-submit\" name=\"quform_submit\" type=\"submit\" value=\"submit\" aria-hidden=\"true\" tabindex=\"-1\"><\/button><div class=\"quform-form-inner quform-form-inner-1\"><input type=\"hidden\" name=\"quform_form_id\" value=\"1\" \/><input type=\"hidden\" name=\"quform_form_uid\" value=\"1eecd5\" \/><input type=\"hidden\" name=\"quform_count\" value=\"1\" \/><input type=\"hidden\" name=\"form_url\" value=\"https:\/\/azoresyouthhostels.com\/en\/wp-json\/wp\/v2\/pages\/2097\" \/><input type=\"hidden\" name=\"referring_url\" value=\"\" \/><input type=\"hidden\" name=\"post_id\" value=\"\" \/><input type=\"hidden\" name=\"post_title\" value=\"\" \/><input type=\"hidden\" name=\"quform_current_page_id\" value=\"29\" \/><input type=\"hidden\" name=\"quform_loaded\" value=\"1777119280|f4aa6c2ae1de990ce28b082b0ba2c516\" \/><input type=\"hidden\" name=\"quform_csrf_token\" value=\"RTHgzrcnMvvsrxyFfztln91lfr4AzXDwnAzS1yns\" \/><div class=\"quform-elements quform-elements-1 quform-cf quform-responsive-elements-phone-portrait\"><div class=\"quform-element quform-element-page quform-page-29 quform-page-1_29 quform-cf quform-group-style-plain quform-first-page quform-last-page quform-current-page\"><div class=\"quform-child-elements\"><div class=\"quform-element quform-element-group quform-element-1_83 quform-cf quform-group-style-plain\"><div class=\"quform-spacer\"><div class=\"quform-child-elements\"><div class=\"quform-element quform-element-html quform-element-1_84 quform-cf\"><div class=\"quform-spacer\"><br><br><br><\/div><\/div><div class=\"quform-element quform-element-checkbox quform-element-1_132 quform-cf quform-element-required\"><div class=\"quform-spacer\"><div class=\"quform-label quform-label-1_132\"><label class=\"quform-label-text\" id=\"quform_1_132_1eecd5_label\">Que equipa pretende integrar?<span class=\"quform-required\">*<\/span><\/label><\/div><div class=\"quform-inner quform-inner-checkbox quform-inner-1_132 quform-field-size-huge\"><div class=\"quform-input quform-input-checkbox quform-input-1_132 quform-cf\"><div class=\"quform-options quform-cf quform-options-columns quform-3-columns quform-responsive-columns-phone-landscape quform-options-style-button quform-button-size-medium quform-button-width-medium quform-button-icon-left\" role=\"group\" aria-labelledby=\"quform_1_132_1eecd5_label\"><div class=\"quform-option\"><input type=\"checkbox\" name=\"quform_1_132[]\" id=\"quform_1_132_1eecd5_1\" class=\"quform-field quform-field-checkbox quform-field-1_132 quform-field-1_132_1\" value=\"Limpeza \/ House Keeping\" \/><label for=\"quform_1_132_1eecd5_1\" class=\"quform-option-label quform-option-label-1_132_1\"><span class=\"quform-option-text\">Limpeza \/ House Keeping<\/span><\/label><\/div><div class=\"quform-option\"><input type=\"checkbox\" name=\"quform_1_132[]\" id=\"quform_1_132_1eecd5_4\" class=\"quform-field quform-field-checkbox quform-field-1_132 quform-field-1_132_4\" value=\"Opera\u00e7\u00f5es e Reservas\" \/><label for=\"quform_1_132_1eecd5_4\" class=\"quform-option-label quform-option-label-1_132_4\"><span class=\"quform-option-text\">Opera\u00e7\u00f5es e Reservas<\/span><\/label><\/div><div class=\"quform-option\"><input type=\"checkbox\" name=\"quform_1_132[]\" id=\"quform_1_132_1eecd5_5\" class=\"quform-field quform-field-checkbox quform-field-1_132 quform-field-1_132_5\" value=\"Manuten\u00e7\u00e3o\" \/><label for=\"quform_1_132_1eecd5_5\" class=\"quform-option-label quform-option-label-1_132_5\"><span class=\"quform-option-text\">Manuten\u00e7\u00e3o<\/span><\/label><\/div><div class=\"quform-option\"><input type=\"checkbox\" name=\"quform_1_132[]\" id=\"quform_1_132_1eecd5_6\" class=\"quform-field quform-field-checkbox quform-field-1_132 quform-field-1_132_6\" value=\"Outro\" \/><label for=\"quform_1_132_1eecd5_6\" class=\"quform-option-label quform-option-label-1_132_6\"><span class=\"quform-option-text\">Outro<\/span><\/label><\/div><\/div><\/div><\/div><\/div><\/div><div class=\"quform-element quform-element-text quform-element-1_134 quform-cf quform-element-required\"><div class=\"quform-spacer\"><div class=\"quform-label quform-label-1_134\"><label class=\"quform-label-text\" for=\"quform_1_134_1eecd5\">Indique por favor<span class=\"quform-required\">*<\/span><\/label><\/div><div class=\"quform-inner quform-inner-text quform-inner-1_134 quform-field-size-huge\"><div class=\"quform-input quform-input-text quform-input-1_134 quform-cf\"><input type=\"text\" id=\"quform_1_134_1eecd5\" name=\"quform_1_134\" class=\"quform-field quform-field-text quform-field-1_134\" \/><\/div><\/div><\/div><\/div><div class=\"quform-element quform-element-html quform-element-1_133 quform-cf\"><div class=\"quform-spacer\"><br><br><br><\/div><\/div><div class=\"quform-element quform-element-name quform-element-1_4 quform-cf quform-element-required\"><div class=\"quform-spacer\"><div class=\"quform-label quform-label-1_4\"><label class=\"quform-label-text\" id=\"quform_1_4_1eecd5_label\">Nome<span class=\"quform-required\">*<\/span><\/label><\/div><div class=\"quform-inner quform-inner-name quform-inner-1_4 quform-field-size-huge\"><div class=\"quform-input quform-input-name quform-input-1_4 quform-cf\"><div class=\"quform-element-row quform-1-columns quform-element-row-size-fixed quform-responsive-columns-phone-portrait\"><div class=\"quform-element-column\"><div class=\"quform-element quform-element-text quform-element-1_4_2 quform-cf quform-element-required\"><div class=\"quform-spacer\"><div class=\"quform-inner quform-inner-text quform-inner-1_4_2 quform-field-size-huge\"><div class=\"quform-input quform-input-text quform-input-1_4_2 quform-cf\"><input type=\"text\" id=\"quform_1_4_2_1eecd5\" name=\"quform_1_4[2]\" class=\"quform-field quform-field-text quform-field-1_4_2\" aria-labelledby=\"quform_1_4_1eecd5_label quform_1_4_2_1eecd5_sub_label_below\" \/><\/div><label id=\"quform_1_4_2_1eecd5_sub_label_below\" class=\"quform-sub-label quform-sub-label-below\">Nome completo<\/label><\/div><\/div><\/div><\/div><\/div><\/div><\/div><\/div><\/div><div class=\"quform-element quform-element-row quform-element-row-1_78 quform-2-columns quform-element-row-size-fixed quform-responsive-columns-phone-portrait\"><div class=\"quform-element quform-element-column quform-element-1_79\"><div class=\"quform-element quform-element-email quform-element-1_5 quform-cf quform-element-required\"><div class=\"quform-spacer\"><div class=\"quform-label quform-label-1_5\"><label class=\"quform-label-text\" for=\"quform_1_5_1eecd5\">Email<span class=\"quform-required\">*<\/span><\/label><\/div><div class=\"quform-inner quform-inner-email quform-inner-1_5 quform-field-size-huge\"><div class=\"quform-input quform-input-email quform-input-1_5 quform-cf\"><input type=\"email\" id=\"quform_1_5_1eecd5\" name=\"quform_1_5\" class=\"quform-field quform-field-email quform-field-1_5\" \/><\/div><\/div><\/div><\/div><\/div><div class=\"quform-element quform-element-column quform-element-1_80\"><div class=\"quform-element quform-element-text quform-element-1_7 quform-cf quform-element-required\"><div class=\"quform-spacer\"><div class=\"quform-label quform-label-1_7\"><label class=\"quform-label-text\" for=\"quform_1_7_1eecd5\">Telefone<span class=\"quform-required\">*<\/span><\/label><\/div><div class=\"quform-inner quform-inner-text quform-inner-1_7 quform-field-size-huge\"><div class=\"quform-input quform-input-text quform-input-1_7 quform-cf\"><input type=\"text\" id=\"quform_1_7_1eecd5\" name=\"quform_1_7\" class=\"quform-field quform-field-text quform-field-1_7\" \/><\/div><\/div><\/div><\/div><\/div><\/div><div class=\"quform-element quform-element-html quform-element-1_110 quform-cf\"><div class=\"quform-spacer\"><br><br><br><\/div><\/div><div class=\"quform-element quform-element-file quform-element-1_129 quform-cf quform-element-required\"><div class=\"quform-spacer\"><div class=\"quform-label quform-label-1_129\"><label class=\"quform-label-text\" for=\"quform_1_129_1eecd5\">C.V.<span class=\"quform-required\">*<\/span><\/label><\/div><div class=\"quform-inner quform-inner-file quform-inner-1_129 quform-field-size-huge\"><p class=\"quform-description quform-description-above\">Curriculum vit\u00e6<\/p><div class=\"quform-input quform-input-file quform-input-1_129 quform-cf quform-button-style-theme quform-button-size-huge quform-button-width-full\"><input type=\"file\" id=\"quform_1_129_1eecd5\" name=\"quform_1_129[]\" class=\"quform-field quform-field-file quform-field-1_129 quform-field-file-enhanced\" data-config=\"{&quot;id&quot;:129,&quot;identifier&quot;:&quot;1_129&quot;,&quot;name&quot;:&quot;quform_1_129&quot;,&quot;max&quot;:1,&quot;size&quot;:25165824,&quot;allowedExtensions&quot;:[&quot;pdf&quot;,&quot;doc&quot;,&quot;docx&quot;,&quot;odt&quot;,&quot;rtf&quot;],&quot;notAllowedTypeWithFilename&quot;:&quot;O tipo de ficheiro de &#039;%filename%&#039; n\\u00e3o \\u00e9 permitido&quot;,&quot;tooBigWithFilename&quot;:&quot;O ficheiro &#039;%filename%&#039; ultrapassa o tamanho m\\u00e1ximo&quot;,&quot;tooMany&quot;:&quot;N\\u00e3o pode adicionar mais de %max% ficheiro(s)&quot;,&quot;buttonType&quot;:&quot;button&quot;,&quot;buttonText&quot;:&quot;Procurar...&quot;,&quot;buttonIcon&quot;:&quot;qicon-file_upload&quot;,&quot;buttonIconPosition&quot;:&quot;right&quot;}\" \/><\/div><p class=\"quform-description quform-description-below\">Os tipos de ficheiro aceites s\u00e3o pdf, doc, docx, odt, rtf, com um m\u00e1ximo de 24MB<\/p><\/div><\/div><\/div><div class=\"quform-element quform-element-html quform-element-1_130 quform-cf\"><div class=\"quform-spacer\"><br><br><br><\/div><\/div><\/div><\/div><\/div><div class=\"quform-element quform-element-textarea quform-element-1_70 quform-cf quform-element-optional\"><div class=\"quform-spacer\"><div class=\"quform-label quform-label-1_70\"><label class=\"quform-label-text\" for=\"quform_1_70_1eecd5\">Observa\u00e7\u00f5es<\/label><\/div><div class=\"quform-inner quform-inner-textarea quform-inner-1_70 quform-field-size-medium\"><p class=\"quform-description quform-description-above\">Insira no campo alguma informa\u00e7\u00e3o adicional<\/p><div class=\"quform-input quform-input-textarea quform-input-1_70 quform-cf\"><textarea id=\"quform_1_70_1eecd5\" name=\"quform_1_70\" class=\"quform-field quform-field-textarea quform-field-1_70\"><\/textarea><\/div><\/div><\/div><\/div><div class=\"quform-element quform-element-html quform-element-1_126 quform-cf\"><div class=\"quform-spacer\">&nbsp;\n\n&nbsp;<\/div><\/div><div class=\"quform-element quform-element-html quform-element-1_125 quform-cf\"><div class=\"quform-spacer\"><h3>Termos e Condi\u00e7\u00f5es<\/h3>\n&nbsp;\n<h5>Ao preencher este formul\u00e1rio, concorda com os seguintes termos:<\/h5>\n<strong>1 - Introdu\u00e7\u00e3o<\/strong>: O presente formul\u00e1rio destina-se \u00e0 recolha de informa\u00e7\u00f5es para o recrutamento de elementos para a equipa Azores Youth Hostels.\n\n&nbsp;\n\n&nbsp;\n\n<strong>2 - Dados Recolhidos<\/strong>: Solicitamos o seu nome completo, e-mail, n\u00famero de telefone, e o respetivo CV. O campo de observa\u00e7\u00f5es permite inserir informa\u00e7\u00f5es adicionais.\n\n&nbsp;\n\n<strong>3 - Finalidade<\/strong>: As informa\u00e7\u00f5es fornecidas ser\u00e3o utilizadas exclusivamente para a avalia\u00e7\u00e3o e poss\u00edvel recrutamento.\n\n<strong>4 - Consentimento<\/strong>: Ao submeter o formul\u00e1rio, est\u00e1 a consentir o tratamento dos dados para fins de contacto.\n\n&nbsp;\n\n<strong>5 - Privacidade<\/strong>: Os dados fornecidos n\u00e3o ser\u00e3o partilhados com terceiros, exceto quando necess\u00e1rio para concluir o processo de contacto.\n\n&nbsp;\n\n<strong>6 - Altera\u00e7\u00f5es<\/strong>: Reservamo-nos o direito de alterar estes termos a qualquer momento. As altera\u00e7\u00f5es ser\u00e3o refletidas nesta p\u00e1gina.\n\n&nbsp;\n\n<strong>7 - Aceita\u00e7\u00e3o<\/strong>: Ao preencher e submeter o formul\u00e1rio, concorda com os termos aqui descritos.<\/div><\/div><div class=\"quform-element quform-element-html quform-element-1_73 quform-cf\"><div class=\"quform-spacer\">&nbsp;\n\n&nbsp;<\/div><\/div><div class=\"quform-element quform-element-checkbox quform-element-1_72 quform-cf quform-element-required\"><div class=\"quform-spacer\"><div class=\"quform-inner quform-inner-checkbox quform-inner-1_72 quform-field-size-huge\"><div class=\"quform-input quform-input-checkbox quform-input-1_72 quform-cf\"><div class=\"quform-options quform-cf quform-options-block quform-options-style-input-hidden\"><div class=\"quform-option\"><input type=\"checkbox\" name=\"quform_1_72[]\" id=\"quform_1_72_1eecd5_1\" class=\"quform-field quform-field-checkbox quform-field-1_72 quform-field-1_72_1\" value=\"Tomei conhecimento e aceito as Pol\u00edticas de Privacidade e Termos e Condi\u00e7\u00f5es da Azores Youth Hostels.\" \/><label for=\"quform_1_72_1eecd5_1\" class=\"quform-option-label quform-option-label-1_72_1\"><span class=\"quform-option-icon\"><i class=\"fa fa-square-o\"><\/i><\/span><span class=\"quform-option-icon-selected\"><i class=\"fa fa-check-square-o\"><\/i><\/span><span class=\"quform-option-text\">Tomei conhecimento e aceito as Pol\u00edticas de Privacidade e Termos e Condi\u00e7\u00f5es da Azores Youth Hostels.<\/span><\/label><\/div><\/div><\/div><\/div><\/div><\/div><div class=\"quform-element quform-element-html quform-element-1_71 quform-cf\"><div class=\"quform-spacer\">&nbsp;\n\n&nbsp;<\/div><\/div><div class=\"quform-element quform-element-textarea quform-element-1_641379 quform-sr-only quform-cf\" style=\"clip: rect(1px, 1px, 1px, 1px); clip-path: inset(50%); position: absolute !important; height: 1px; width: 1px; overflow: hidden;\"><div class=\"quform-spacer\"><div class=\"quform-label quform-label-1_641379\"><label class=\"quform-label-text\" for=\"quform_1_641379_1eecd5\">Contact Email<span class=\"quform-required\">*<\/span><\/label><\/div><div class=\"quform-inner quform-inner-1_641379\"><textarea id=\"quform_1_641379_1eecd5\" name=\"quform_1_641379\" class=\"quform-field quform-field-textarea quform-field-1_641379\" tabindex=\"-1\" autocomplete=\"new-password\"><\/textarea><\/div><\/div><\/div><div class=\"quform-element quform-element-submit quform-element-1_30 quform-cf quform-button-style-theme quform-button-size-huge quform-button-width-full\"><div class=\"quform-button-submit quform-button-submit-default quform-button-submit-1_30 quform-button-icon-left\"><button name=\"quform_submit\" type=\"submit\" class=\"quform-submit\" value=\"submit\"><span class=\"quform-button-icon quform-button-submit-icon\"><i class=\"fa fa-envelope-o\"><\/i><\/span><span class=\"quform-button-text quform-button-submit-text\">ENVIAR CANDIDATURA<\/span><\/button><\/div><div class=\"quform-loading quform-loading-position-right quform-loading-type-spinner-1\"><div class=\"quform-loading-inner\"><div class=\"quform-loading-spinner\"><div class=\"quform-loading-spinner-inner\"><\/div><\/div><\/div><\/div><\/div><\/div><\/div><\/div><div class=\"quform-upload-progress-wrap\"><div class=\"quform-upload-progress-bar-wrap\"><div class=\"quform-upload-progress-bar\"><\/div><\/div><div class=\"quform-upload-info quform-cf\"><div class=\"quform-upload-filename\"><\/div><\/div><\/div><\/div><input type=\"hidden\" name=\"trp-form-language\" value=\"en\"\/><\/form><\/div><\/div>\n\t\t\t\t\t\t<\/div>\n\t\t\t\t<\/div>\n\t\t\t\t\t<\/div>\n\t\t\t\t<\/div>\n\t\t\t\t<\/div>","protected":false},"excerpt":{"rendered":"<p>Aqui encontrar\u00e1s toda a informa\u00e7\u00e3o necess\u00e1ria para tornar a tua estadia simples, c\u00f3moda e sem surpresas.<\/p>","protected":false},"author":1,"featured_media":1965,"parent":0,"menu_order":13,"comment_status":"closed","ping_status":"closed","template":"","meta":{"_acf_changed":false,"footnotes":""},"class_list":["post-2097","page","type-page","status-publish","has-post-thumbnail","hentry"],"acf":[],"_links":{"self":[{"href":"https:\/\/azoresyouthhostels.com\/en\/wp-json\/wp\/v2\/pages\/2097","targetHints":{"allow":["GET"]}}],"collection":[{"href":"https:\/\/azoresyouthhostels.com\/en\/wp-json\/wp\/v2\/pages"}],"about":[{"href":"https:\/\/azoresyouthhostels.com\/en\/wp-json\/wp\/v2\/types\/page"}],"author":[{"embeddable":true,"href":"https:\/\/azoresyouthhostels.com\/en\/wp-json\/wp\/v2\/users\/1"}],"replies":[{"embeddable":true,"href":"https:\/\/azoresyouthhostels.com\/en\/wp-json\/wp\/v2\/comments?post=2097"}],"version-history":[{"count":0,"href":"https:\/\/azoresyouthhostels.com\/en\/wp-json\/wp\/v2\/pages\/2097\/revisions"}],"wp:featuredmedia":[{"embeddable":true,"href":"https:\/\/azoresyouthhostels.com\/en\/wp-json\/wp\/v2\/media\/1965"}],"wp:attachment":[{"href":"https:\/\/azoresyouthhostels.com\/en\/wp-json\/wp\/v2\/media?parent=2097"}],"curies":[{"name":"wp","href":"https:\/\/api.w.org\/{rel}","templated":true}]}}