{"id":2143,"date":"2026-03-30T23:19:13","date_gmt":"2026-03-30T23:19:13","guid":{"rendered":"https:\/\/azoreslab.com\/azoresyouthhostels\/?page_id=2143"},"modified":"2026-03-30T23:34:33","modified_gmt":"2026-03-30T23:34:33","slug":"contacts","status":"publish","type":"page","link":"https:\/\/azoresyouthhostels.com\/en\/contacts\/","title":{"rendered":"CONTACTOS"},"content":{"rendered":"<div data-elementor-type=\"wp-page\" data-elementor-id=\"2143\" class=\"elementor elementor-2143\" data-elementor-post-type=\"page\">\n\t\t\t\t<div class=\"elementor-element elementor-element-1ccd9d1 e-flex e-con-boxed e-con e-parent\" data-id=\"1ccd9d1\" data-element_type=\"container\" data-settings=\"{&quot;background_background&quot;:&quot;classic&quot;}\">\n\t\t\t\t\t<div class=\"e-con-inner\">\n\t\t<div class=\"elementor-element elementor-element-d3ad85b e-con-full e-flex e-con e-child\" data-id=\"d3ad85b\" data-element_type=\"container\">\n\t\t\t\t<div class=\"elementor-element elementor-element-f613cac elementor-widget__width-auto elementor-widget-laptop__width-auto elementor-widget-tablet_extra__width-auto elementor-widget-mobile_extra__width-auto elementor-widget-mobile__width-initial elementor-invisible elementor-widget elementor-widget-heading\" data-id=\"f613cac\" data-element_type=\"widget\" data-settings=\"{&quot;_animation&quot;:&quot;fadeInUp&quot;}\" data-widget_type=\"heading.default\">\n\t\t\t\t<div class=\"elementor-widget-container\">\n\t\t\t\t\t<h1 class=\"elementor-heading-title elementor-size-default\">CONTACTOS<\/h1>\t\t\t\t<\/div>\n\t\t\t\t<\/div>\n\t\t\t\t<div class=\"elementor-element elementor-element-0fb8a37 elementor-widget elementor-widget-spacer\" data-id=\"0fb8a37\" data-element_type=\"widget\" data-widget_type=\"spacer.default\">\n\t\t\t\t<div class=\"elementor-widget-container\">\n\t\t\t\t\t\t\t<div class=\"elementor-spacer\">\n\t\t\t<div class=\"elementor-spacer-inner\"><\/div>\n\t\t<\/div>\n\t\t\t\t\t\t<\/div>\n\t\t\t\t<\/div>\n\t\t\t\t<\/div>\n\t\t\t\t\t<\/div>\n\t\t\t\t<\/div>\n\t\t<div class=\"elementor-element elementor-element-1f07ae7 e-con-full e-flex elementor-invisible e-con e-parent\" data-id=\"1f07ae7\" data-element_type=\"container\" data-settings=\"{&quot;background_background&quot;:&quot;classic&quot;,&quot;animation&quot;:&quot;fadeInLeft&quot;}\">\n\t\t<div class=\"elementor-element elementor-element-8ec440f e-con-full e-flex e-con e-child\" data-id=\"8ec440f\" data-element_type=\"container\" data-settings=\"{&quot;background_background&quot;:&quot;classic&quot;}\">\n\t\t\t\t<\/div>\n\t\t<div class=\"elementor-element elementor-element-acf89a7 e-con-full e-flex e-con e-child\" data-id=\"acf89a7\" data-element_type=\"container\">\n\t\t\t\t<\/div>\n\t\t\t\t<\/div>\n\t\t<div class=\"elementor-element elementor-element-5a41094d e-flex e-con-boxed elementor-invisible e-con e-parent\" data-id=\"5a41094d\" data-element_type=\"container\" data-settings=\"{&quot;animation&quot;:&quot;fadeInUp&quot;}\">\n\t\t\t\t\t<div class=\"e-con-inner\">\n\t\t<div class=\"elementor-element elementor-element-864868d e-grid e-con-full e-con e-child\" data-id=\"864868d\" data-element_type=\"container\">\n\t\t<div class=\"elementor-element elementor-element-5e4bb44 e-con-full e-flex elementor-invisible e-con e-child\" data-id=\"5e4bb44\" data-element_type=\"container\" data-settings=\"{&quot;background_background&quot;:&quot;classic&quot;,&quot;animation&quot;:&quot;fadeInUp&quot;}\">\n\t\t\t\t<div class=\"elementor-element elementor-element-5c272ee elementor-view-default elementor-widget elementor-widget-icon\" data-id=\"5c272ee\" data-element_type=\"widget\" data-widget_type=\"icon.default\">\n\t\t\t\t<div class=\"elementor-widget-container\">\n\t\t\t\t\t\t\t<div class=\"elementor-icon-wrapper\">\n\t\t\t<div class=\"elementor-icon\">\n\t\t\t<svg xmlns=\"http:\/\/www.w3.org\/2000\/svg\" height=\"512\" viewbox=\"0 0 32 32\" width=\"512\"><g id=\"Layer_3\" data-name=\"Layer 3\"><path d=\"m30.035 22.594c-.053-.044-6.042-4.33-7.667-4.049-.781.138-1.228.67-2.123 1.737-.144.172-.491.583-.759.876a12.458 12.458 0 0 1 -1.651-.672 13.7 13.7 0 0 1 -6.321-6.321 12.458 12.458 0 0 1 -.672-1.651c.294-.269.706-.616.882-.764 1.061-.89 1.593-1.337 1.731-2.119.283-1.619-4.005-7.613-4.049-7.667a2.289 2.289 0 0 0 -1.706-.964c-1.738 0-6.7 6.436-6.7 7.521 0 .063.091 6.467 7.988 14.5 8.024 7.888 14.428 7.979 14.491 7.979 1.085 0 7.521-4.962 7.521-6.7a2.287 2.287 0 0 0 -.965-1.706zm-6.666 6.4c-.874-.072-6.248-.781-12.967-7.382-6.635-6.755-7.326-12.144-7.395-12.979a27.054 27.054 0 0 1 4.706-5.561c.04.04.093.1.161.178a35.391 35.391 0 0 1 3.574 6.063 11.886 11.886 0 0 1 -1.016.911 10.033 10.033 0 0 0 -1.512 1.422l-.243.34.072.411a11.418 11.418 0 0 0 .965 2.641 15.71 15.71 0 0 0 7.248 7.247 11.389 11.389 0 0 0 2.641.966l.411.072.34-.243a10.117 10.117 0 0 0 1.428-1.518c.313-.374.732-.873.89-1.014a35.163 35.163 0 0 1 6.078 3.578c.083.07.141.124.18.159a27.031 27.031 0 0 1 -5.561 4.707z\"><\/path><\/g><\/svg>\t\t\t<\/div>\n\t\t<\/div>\n\t\t\t\t\t\t<\/div>\n\t\t\t\t<\/div>\n\t\t\t\t<div class=\"elementor-element elementor-element-114a7491 animated-slow elementor-invisible elementor-widget elementor-widget-heading\" data-id=\"114a7491\" data-element_type=\"widget\" data-settings=\"{&quot;_animation&quot;:&quot;fadeIn&quot;,&quot;_animation_delay&quot;:300}\" data-widget_type=\"heading.default\">\n\t\t\t\t<div class=\"elementor-widget-container\">\n\t\t\t\t\t<h2 class=\"elementor-heading-title elementor-size-default\">CONTACTOS<\/h2>\t\t\t\t<\/div>\n\t\t\t\t<\/div>\n\t\t\t\t<div class=\"elementor-element elementor-element-18eead43 elementor-align-center elementor-icon-list--layout-traditional elementor-list-item-link-full_width elementor-widget elementor-widget-icon-list\" data-id=\"18eead43\" data-element_type=\"widget\" data-widget_type=\"icon-list.default\">\n\t\t\t\t<div class=\"elementor-widget-container\">\n\t\t\t\t\t\t\t<ul class=\"elementor-icon-list-items\">\n\t\t\t\t\t\t\t<li class=\"elementor-icon-list-item\">\n\t\t\t\t\t\t\t\t\t\t<span class=\"elementor-icon-list-text\">(+351) 296 629 431*<\/span>\n\t\t\t\t\t\t\t\t\t<\/li>\n\t\t\t\t\t\t\t\t<li class=\"elementor-icon-list-item\">\n\t\t\t\t\t\t\t\t\t\t<span class=\"elementor-icon-list-text\">bookings@azoresyouthhostels.com<\/span>\n\t\t\t\t\t\t\t\t\t<\/li>\n\t\t\t\t\t\t<\/ul>\n\t\t\t\t\t\t<\/div>\n\t\t\t\t<\/div>\n\t\t\t\t<\/div>\n\t\t<div class=\"elementor-element elementor-element-11d262b e-con-full e-flex elementor-invisible e-con e-child\" data-id=\"11d262b\" data-element_type=\"container\" data-settings=\"{&quot;background_background&quot;:&quot;classic&quot;,&quot;animation&quot;:&quot;fadeInUp&quot;}\">\n\t\t\t\t<div class=\"elementor-element elementor-element-9771d6a elementor-view-default elementor-widget elementor-widget-icon\" data-id=\"9771d6a\" data-element_type=\"widget\" data-widget_type=\"icon.default\">\n\t\t\t\t<div class=\"elementor-widget-container\">\n\t\t\t\t\t\t\t<div class=\"elementor-icon-wrapper\">\n\t\t\t<div class=\"elementor-icon\">\n\t\t\t<svg xmlns=\"http:\/\/www.w3.org\/2000\/svg\" xmlns:xlink=\"http:\/\/www.w3.org\/1999\/xlink\" id=\"Layer_1\" x=\"0px\" y=\"0px\" viewbox=\"0 0 512 512\" style=\"enable-background:new 0 0 512 512;\" xml:space=\"preserve\"><g>\t<g>\t\t<path d=\"M256,0C153.755,0,70.573,83.182,70.573,185.426c0,126.888,165.939,313.167,173.004,321.035   c6.636,7.391,18.222,7.378,24.846,0c7.065-7.868,173.004-194.147,173.004-321.035C441.425,83.182,358.244,0,256,0z M256,469.729   c-55.847-66.338-152.035-197.217-152.035-284.301c0-83.834,68.202-152.036,152.035-152.036s152.035,68.202,152.035,152.035   C408.034,272.515,311.861,403.37,256,469.729z\"><\/path>\t<\/g><\/g><g>\t<g>\t\t<path d=\"M256,92.134c-51.442,0-93.292,41.851-93.292,93.293s41.851,93.293,93.292,93.293s93.291-41.851,93.291-93.293   S307.441,92.134,256,92.134z M256,245.328c-33.03,0-59.9-26.871-59.9-59.901s26.871-59.901,59.9-59.901s59.9,26.871,59.9,59.901   S289.029,245.328,256,245.328z\"><\/path>\t<\/g><\/g><g><\/g><g><\/g><g><\/g><g><\/g><g><\/g><g><\/g><g><\/g><g><\/g><g><\/g><g><\/g><g><\/g><g><\/g><g><\/g><g><\/g><g><\/g><\/svg>\t\t\t<\/div>\n\t\t<\/div>\n\t\t\t\t\t\t<\/div>\n\t\t\t\t<\/div>\n\t\t\t\t<div class=\"elementor-element elementor-element-76a1b7a animated-slow elementor-invisible elementor-widget elementor-widget-heading\" data-id=\"76a1b7a\" data-element_type=\"widget\" data-settings=\"{&quot;_animation&quot;:&quot;fadeIn&quot;,&quot;_animation_delay&quot;:300}\" data-widget_type=\"heading.default\">\n\t\t\t\t<div class=\"elementor-widget-container\">\n\t\t\t\t\t<h2 class=\"elementor-heading-title elementor-size-default\">MORADA<\/h2>\t\t\t\t<\/div>\n\t\t\t\t<\/div>\n\t\t\t\t<div class=\"elementor-element elementor-element-1333696 elementor-align-center elementor-icon-list--layout-traditional elementor-list-item-link-full_width elementor-widget elementor-widget-icon-list\" data-id=\"1333696\" data-element_type=\"widget\" data-widget_type=\"icon-list.default\">\n\t\t\t\t<div class=\"elementor-widget-container\">\n\t\t\t\t\t\t\t<ul class=\"elementor-icon-list-items\">\n\t\t\t\t\t\t\t<li class=\"elementor-icon-list-item\">\n\t\t\t\t\t\t\t\t\t\t<span class=\"elementor-icon-list-text\">Rua S\u00e3o Francisco Xavier s\/n, Ponta Delgada, A\u00e7ores, 9500-243, Portugal<\/span>\n\t\t\t\t\t\t\t\t\t<\/li>\n\t\t\t\t\t\t<\/ul>\n\t\t\t\t\t\t<\/div>\n\t\t\t\t<\/div>\n\t\t\t\t<\/div>\n\t\t\t\t<\/div>\n\t\t\t\t\t<\/div>\n\t\t\t\t<\/div>\n\t\t<div class=\"elementor-element elementor-element-51ec6be e-con-full e-flex elementor-invisible e-con e-parent\" data-id=\"51ec6be\" data-element_type=\"container\" data-settings=\"{&quot;animation&quot;:&quot;fadeInUp&quot;}\">\n\t\t\t\t<div class=\"elementor-element elementor-element-1f3a023 elementor-hidden-mobile elementor-widget elementor-widget-shortcode\" data-id=\"1f3a023\" data-element_type=\"widget\" data-widget_type=\"shortcode.default\">\n\t\t\t\t<div class=\"elementor-widget-container\">\n\t\t\t\t\t\t\t<div class=\"elementor-shortcode\">\t\t\t\t<div id=\"wp_mapit_AhVeqHZ0M5\" class=\"wp_mapit_multipin_map\" data-lat=\"37.965854128749\" data-lng=\"-26.545715332031\" data-zoom=\"8\" data-type=\"grayscale\" data-marker=\"https:\/\/azoreslab.com\/azoresyouthhostels\/wp-content\/uploads\/2025\/10\/marker-64-dourado3.webp\" data-width=\"100\" data-width-type=\"per\" data-height=\"550\" data-height-type=\"px\" data-pins=\"[{&quot;lat&quot;:&quot;38.52309336827334&quot;,&quot;lng&quot;:&quot;-28.31836029904211&quot;,&quot;marker_image&quot;:&quot;&quot;,&quot;marker_title&quot;:&quot;Pousada de Juventude | Pico&quot;,&quot;marker_content&quot;:&quot;&lt;a href=\\&quot;https:\\\/\\\/azoreslab.com\\\/azoresyouthhostels\\\/pousada\\\/pico\\\/\\&quot;&gt;&lt;img src=\\&quot;https:\\\/\\\/azoreslab.com\\\/azoresyouthhostels\\\/wp-content\\\/uploads\\\/2025\\\/10\\\/Pousada-da-Juventude-do-Pico-001.webp\\&quot; width=\\&quot;100%\\&quot; alt=\\&quot;Azores Youth Hostels | Pousadas de Juventude | Pico\\&quot; title=\\&quot;Azores Youth Hostels | Pousadas de Juventude | Pico\\&quot; \\\/&gt;&quot;,&quot;marker_url&quot;:&quot;&quot;},{&quot;lat&quot;:&quot;38.604404107002026&quot;,&quot;lng&quot;:&quot;-28.023633956909183&quot;,&quot;marker_image&quot;:&quot;&quot;,&quot;marker_title&quot;:&quot;Pousada de Juventude | S\\u00e3o Jorge&quot;,&quot;marker_content&quot;:&quot;&lt;a href=\\&quot;https:\\\/\\\/azoreslab.com\\\/azoresyouthhostels\\\/pousada\\\/sao-jorge\\\/\\&quot;&gt;&lt;img src=\\&quot;https:\\\/\\\/azoreslab.com\\\/azoresyouthhostels\\\/wp-content\\\/uploads\\\/2025\\\/10\\\/Pousada-da-Juventude-de-Sao-Jorge-001.webp\\&quot; width=\\&quot;100%\\&quot; alt=\\&quot;Azores Youth Hostels | Pousadas de Juventude | S\\u00e3o Jorge\\&quot; title=\\&quot;Azores Youth Hostels | Pousadas de Juventude | S\\u00e3o Jorge\\&quot; \\\/&gt;&quot;,&quot;marker_url&quot;:&quot;&quot;},{&quot;lat&quot;:&quot;36.94701513101437&quot;,&quot;lng&quot;:&quot;-25.146621465682987&quot;,&quot;marker_image&quot;:&quot;&quot;,&quot;marker_title&quot;:&quot;Pousada de Juventude | Santa Maria&quot;,&quot;marker_content&quot;:&quot;&lt;a href=\\&quot;https:\\\/\\\/azoreslab.com\\\/azoresyouthhostels\\\/pousada\\\/santa-maria\\\/\\&quot;&gt;&lt;img src=\\&quot;https:\\\/\\\/azoreslab.com\\\/azoresyouthhostels\\\/wp-content\\\/uploads\\\/2025\\\/08\\\/7b19224a-81e9-445c-814a-c006d70ab936.avif\\&quot; width=\\&quot;100%\\&quot; alt=\\&quot;Azores Youth Hostels | Pousadas de Juventude | Santa Maria\\&quot; title=\\&quot;Azores Youth Hostels | Pousadas de Juventude | Santa Maria\\&quot; \\\/&gt;&quot;,&quot;marker_url&quot;:&quot;&quot;},{&quot;lat&quot;:&quot;37.743630574835535&quot;,&quot;lng&quot;:&quot;-25.674936175346375&quot;,&quot;marker_image&quot;:&quot;&quot;,&quot;marker_title&quot;:&quot;Pousada de Juventude | S\\u00e3o Miguel&quot;,&quot;marker_content&quot;:&quot;&lt;a href=\\&quot;https:\\\/\\\/azoreslab.com\\\/azoresyouthhostels\\\/pousada\\\/sao-miguel\\\/\\&quot;&gt;&lt;img src=\\&quot;https:\\\/\\\/azoreslab.com\\\/azoresyouthhostels\\\/wp-content\\\/uploads\\\/2025\\\/10\\\/Pousada-da-Juventude-de-Sao-Miguel-001.webp\\&quot; width=\\&quot;100%\\&quot; alt=\\&quot;Azores Youth Hostels | Pousadas de Juventude | S\\u00e3o Miguel\\&quot; title=\\&quot;Azores Youth Hostels | Pousadas de Juventude | S\\u00e3o Miguel\\&quot; \\\/&gt;&quot;,&quot;marker_url&quot;:&quot;&quot;},{&quot;lat&quot;:&quot;38.654704255598745&quot;,&quot;lng&quot;:&quot;-27.27904579664567&quot;,&quot;marker_image&quot;:&quot;&quot;,&quot;marker_title&quot;:&quot;Pousada de Juventude | Terceira&quot;,&quot;marker_content&quot;:&quot;&lt;a href=\\&quot;https:\\\/\\\/azoreslab.com\\\/azoresyouthhostels\\\/pousada\\\/terceira\\\/\\&quot;&gt;&lt;img src=\\&quot;https:\\\/\\\/azoreslab.com\\\/azoresyouthhostels\\\/wp-content\\\/uploads\\\/2025\\\/09\\\/terceira.jpg\\&quot; width=\\&quot;100%\\&quot; alt=\\&quot;Azores Youth Hostels | Pousadas de Juventude | Terceira\\&quot; title=\\&quot;Azores Youth Hostels | Pousadas de Juventude | Terceira\\&quot; \\\/&gt;&quot;,&quot;marker_url&quot;:&quot;&quot;}]\"><\/div>\n\t\t\t<\/div>\n\t\t\t\t\t\t<\/div>\n\t\t\t\t<\/div>\n\t\t\t\t<div class=\"elementor-element elementor-element-8861138 elementor-hidden-widescreen elementor-hidden-desktop elementor-hidden-laptop elementor-hidden-tablet_extra elementor-hidden-tablet elementor-hidden-mobile_extra elementor-widget elementor-widget-shortcode\" data-id=\"8861138\" data-element_type=\"widget\" data-widget_type=\"shortcode.default\">\n\t\t\t\t<div class=\"elementor-widget-container\">\n\t\t\t\t\t\t\t<div class=\"elementor-shortcode\">\t\t\t\t<div id=\"wp_mapit_Mq2W4iZfb8\" class=\"wp_mapit_multipin_map\" data-lat=\"37.965854128749\" data-lng=\"-26.545715332031\" data-zoom=\"6\" data-type=\"grayscale\" data-marker=\"https:\/\/azoreslab.com\/azoresyouthhostels\/wp-content\/uploads\/2025\/10\/marker-64-dourado3.webp\" data-width=\"100\" data-width-type=\"per\" data-height=\"550\" data-height-type=\"px\" data-pins=\"[{&quot;lat&quot;:&quot;38.52309336827334&quot;,&quot;lng&quot;:&quot;-28.31836029904211&quot;,&quot;marker_image&quot;:&quot;&quot;,&quot;marker_title&quot;:&quot;Pousada de Juventude | Pico&quot;,&quot;marker_content&quot;:&quot;&lt;a href=\\&quot;https:\\\/\\\/azoreslab.com\\\/azoresyouthhostels\\\/pousada\\\/pico\\\/\\&quot;&gt;&lt;img src=\\&quot;https:\\\/\\\/azoreslab.com\\\/azoresyouthhostels\\\/wp-content\\\/uploads\\\/2025\\\/10\\\/Pousada-da-Juventude-do-Pico-001.webp\\&quot; width=\\&quot;100%\\&quot; alt=\\&quot;Azores Youth Hostels | Pousadas de Juventude | Pico\\&quot; title=\\&quot;Azores Youth Hostels | Pousadas de Juventude | Pico\\&quot; \\\/&gt;&quot;,&quot;marker_url&quot;:&quot;&quot;},{&quot;lat&quot;:&quot;38.604404107002026&quot;,&quot;lng&quot;:&quot;-28.023633956909183&quot;,&quot;marker_image&quot;:&quot;&quot;,&quot;marker_title&quot;:&quot;Pousada de Juventude | S\\u00e3o Jorge&quot;,&quot;marker_content&quot;:&quot;&lt;a href=\\&quot;https:\\\/\\\/azoreslab.com\\\/azoresyouthhostels\\\/pousada\\\/sao-jorge\\\/\\&quot;&gt;&lt;img src=\\&quot;https:\\\/\\\/azoreslab.com\\\/azoresyouthhostels\\\/wp-content\\\/uploads\\\/2025\\\/10\\\/Pousada-da-Juventude-de-Sao-Jorge-001.webp\\&quot; width=\\&quot;100%\\&quot; alt=\\&quot;Azores Youth Hostels | Pousadas de Juventude | S\\u00e3o Jorge\\&quot; title=\\&quot;Azores Youth Hostels | Pousadas de Juventude | S\\u00e3o Jorge\\&quot; \\\/&gt;&quot;,&quot;marker_url&quot;:&quot;&quot;},{&quot;lat&quot;:&quot;36.94701513101437&quot;,&quot;lng&quot;:&quot;-25.146621465682987&quot;,&quot;marker_image&quot;:&quot;&quot;,&quot;marker_title&quot;:&quot;Pousada de Juventude | Santa Maria&quot;,&quot;marker_content&quot;:&quot;&lt;a href=\\&quot;https:\\\/\\\/azoreslab.com\\\/azoresyouthhostels\\\/pousada\\\/santa-maria\\\/\\&quot;&gt;&lt;img src=\\&quot;https:\\\/\\\/azoreslab.com\\\/azoresyouthhostels\\\/wp-content\\\/uploads\\\/2025\\\/08\\\/7b19224a-81e9-445c-814a-c006d70ab936.avif\\&quot; width=\\&quot;100%\\&quot; alt=\\&quot;Azores Youth Hostels | Pousadas de Juventude | Santa Maria\\&quot; title=\\&quot;Azores Youth Hostels | Pousadas de Juventude | Santa Maria\\&quot; \\\/&gt;&quot;,&quot;marker_url&quot;:&quot;&quot;},{&quot;lat&quot;:&quot;37.743630574835535&quot;,&quot;lng&quot;:&quot;-25.674936175346375&quot;,&quot;marker_image&quot;:&quot;&quot;,&quot;marker_title&quot;:&quot;Pousada de Juventude | S\\u00e3o Miguel&quot;,&quot;marker_content&quot;:&quot;&lt;a href=\\&quot;https:\\\/\\\/azoreslab.com\\\/azoresyouthhostels\\\/pousada\\\/sao-miguel\\\/\\&quot;&gt;&lt;img src=\\&quot;https:\\\/\\\/azoreslab.com\\\/azoresyouthhostels\\\/wp-content\\\/uploads\\\/2025\\\/10\\\/Pousada-da-Juventude-de-Sao-Miguel-001.webp\\&quot; width=\\&quot;100%\\&quot; alt=\\&quot;Azores Youth Hostels | Pousadas de Juventude | S\\u00e3o Miguel\\&quot; title=\\&quot;Azores Youth Hostels | Pousadas de Juventude | S\\u00e3o Miguel\\&quot; \\\/&gt;&quot;,&quot;marker_url&quot;:&quot;&quot;},{&quot;lat&quot;:&quot;38.654704255598745&quot;,&quot;lng&quot;:&quot;-27.27904579664567&quot;,&quot;marker_image&quot;:&quot;&quot;,&quot;marker_title&quot;:&quot;Pousada de Juventude | Terceira&quot;,&quot;marker_content&quot;:&quot;&lt;a href=\\&quot;https:\\\/\\\/azoreslab.com\\\/azoresyouthhostels\\\/pousada\\\/terceira\\\/\\&quot;&gt;&lt;img src=\\&quot;https:\\\/\\\/azoreslab.com\\\/azoresyouthhostels\\\/wp-content\\\/uploads\\\/2025\\\/09\\\/terceira.jpg\\&quot; width=\\&quot;100%\\&quot; alt=\\&quot;Azores Youth Hostels | Pousadas de Juventude | Terceira\\&quot; title=\\&quot;Azores Youth Hostels | Pousadas de Juventude | Terceira\\&quot; \\\/&gt;&quot;,&quot;marker_url&quot;:&quot;&quot;}]\"><\/div>\n\t\t\t<\/div>\n\t\t\t\t\t\t<\/div>\n\t\t\t\t<\/div>\n\t\t\t\t<\/div>\n\t\t\t\t<\/div>","protected":false},"excerpt":{"rendered":"<p>Aqui encontrar\u00e1s toda a informa\u00e7\u00e3o necess\u00e1ria para tornar a tua estadia simples, c\u00f3moda e sem surpresas.<\/p>","protected":false},"author":1,"featured_media":1910,"parent":0,"menu_order":15,"comment_status":"closed","ping_status":"closed","template":"","meta":{"_acf_changed":false,"footnotes":""},"class_list":["post-2143","page","type-page","status-publish","has-post-thumbnail","hentry"],"acf":[],"_links":{"self":[{"href":"https:\/\/azoresyouthhostels.com\/en\/wp-json\/wp\/v2\/pages\/2143","targetHints":{"allow":["GET"]}}],"collection":[{"href":"https:\/\/azoresyouthhostels.com\/en\/wp-json\/wp\/v2\/pages"}],"about":[{"href":"https:\/\/azoresyouthhostels.com\/en\/wp-json\/wp\/v2\/types\/page"}],"author":[{"embeddable":true,"href":"https:\/\/azoresyouthhostels.com\/en\/wp-json\/wp\/v2\/users\/1"}],"replies":[{"embeddable":true,"href":"https:\/\/azoresyouthhostels.com\/en\/wp-json\/wp\/v2\/comments?post=2143"}],"version-history":[{"count":0,"href":"https:\/\/azoresyouthhostels.com\/en\/wp-json\/wp\/v2\/pages\/2143\/revisions"}],"wp:featuredmedia":[{"embeddable":true,"href":"https:\/\/azoresyouthhostels.com\/en\/wp-json\/wp\/v2\/media\/1910"}],"wp:attachment":[{"href":"https:\/\/azoresyouthhostels.com\/en\/wp-json\/wp\/v2\/media?parent=2143"}],"curies":[{"name":"wp","href":"https:\/\/api.w.org\/{rel}","templated":true}]}}