{"id":2461,"date":"2026-03-31T03:23:05","date_gmt":"2026-03-31T03:23:05","guid":{"rendered":"https:\/\/azoreslab.com\/azoresyouthhostels\/?page_id=2461"},"modified":"2026-03-31T12:52:45","modified_gmt":"2026-03-31T12:52:45","slug":"about","status":"publish","type":"page","link":"https:\/\/azoresyouthhostels.com\/en\/about\/","title":{"rendered":"SOBRE N\u00d3S"},"content":{"rendered":"<div data-elementor-type=\"wp-post\" data-elementor-id=\"2461\" class=\"elementor elementor-2461\" data-elementor-post-type=\"page\">\n\t\t\t\t<div class=\"elementor-element elementor-element-4a111b2 e-flex e-con-boxed e-con e-parent\" data-id=\"4a111b2\" data-element_type=\"container\" data-settings=\"{&quot;background_background&quot;:&quot;classic&quot;}\">\n\t\t\t\t\t<div class=\"e-con-inner\">\n\t\t<div class=\"elementor-element elementor-element-450d277 e-con-full e-flex e-con e-child\" data-id=\"450d277\" data-element_type=\"container\">\n\t\t\t\t<div class=\"elementor-element elementor-element-25fd8811 elementor-widget__width-initial elementor-invisible elementor-widget elementor-widget-heading\" data-id=\"25fd8811\" data-element_type=\"widget\" data-settings=\"{&quot;_animation&quot;:&quot;fadeInUp&quot;}\" data-widget_type=\"heading.default\">\n\t\t\t\t<div class=\"elementor-widget-container\">\n\t\t\t\t\t<h1 class=\"elementor-heading-title elementor-size-default\">Sobre n\u00f3s<\/h1>\t\t\t\t<\/div>\n\t\t\t\t<\/div>\n\t\t\t\t<div class=\"elementor-element elementor-element-c7b8f4c animated-slow elementor-invisible elementor-widget elementor-widget-heading\" data-id=\"c7b8f4c\" data-element_type=\"widget\" data-settings=\"{&quot;_animation&quot;:&quot;fadeInUp&quot;}\" data-widget_type=\"heading.default\">\n\t\t\t\t<div class=\"elementor-widget-container\">\n\t\t\t\t\t<h2 class=\"elementor-heading-title elementor-size-default\">azores youth hostels<\/h2>\t\t\t\t<\/div>\n\t\t\t\t<\/div>\n\t\t\t\t<\/div>\n\t\t\t\t\t<\/div>\n\t\t\t\t<\/div>\n\t\t<div class=\"elementor-element elementor-element-4a07bf40 e-flex e-con-boxed e-con e-parent\" data-id=\"4a07bf40\" data-element_type=\"container\" data-settings=\"{&quot;background_background&quot;:&quot;classic&quot;}\">\n\t\t\t\t\t<div class=\"e-con-inner\">\n\t\t\t\t<div class=\"elementor-element elementor-element-2f92fdca animated-slow elementor-invisible elementor-widget elementor-widget-heading\" data-id=\"2f92fdca\" data-element_type=\"widget\" data-settings=\"{&quot;_animation&quot;:&quot;fadeInUp&quot;}\" data-widget_type=\"heading.default\">\n\t\t\t\t<div class=\"elementor-widget-container\">\n\t\t\t\t\t<h2 class=\"elementor-heading-title elementor-size-default\">azores youth hostels<\/h2>\t\t\t\t<\/div>\n\t\t\t\t<\/div>\n\t\t\t\t<div class=\"elementor-element elementor-element-c5893dc elementor-widget-divider--view-line elementor-invisible elementor-widget elementor-widget-divider\" data-id=\"c5893dc\" data-element_type=\"widget\" data-settings=\"{&quot;_animation&quot;:&quot;fadeInUp&quot;}\" data-widget_type=\"divider.default\">\n\t\t\t\t<div class=\"elementor-widget-container\">\n\t\t\t\t\t\t\t<div class=\"elementor-divider\">\n\t\t\t<span class=\"elementor-divider-separator\">\n\t\t\t\t\t\t<\/span>\n\t\t<\/div>\n\t\t\t\t\t\t<\/div>\n\t\t\t\t<\/div>\n\t\t\t\t<div class=\"elementor-element elementor-element-6080229e animated-slow elementor-invisible elementor-widget elementor-widget-heading\" data-id=\"6080229e\" data-element_type=\"widget\" data-settings=\"{&quot;_animation&quot;:&quot;fadeInUp&quot;,&quot;_animation_delay&quot;:300}\" data-widget_type=\"heading.default\">\n\t\t\t\t<div class=\"elementor-widget-container\">\n\t\t\t\t\t<h2 class=\"elementor-heading-title elementor-size-default\">O Teu Ref\u00fagio Seguro <br>e Confort\u00e1vel<\/h2>\t\t\t\t<\/div>\n\t\t\t\t<\/div>\n\t\t\t\t<div class=\"elementor-element elementor-element-962d61e elementor-invisible elementor-widget elementor-widget-video\" data-id=\"962d61e\" data-element_type=\"widget\" data-settings=\"{&quot;youtube_url&quot;:&quot;https:\\\/\\\/www.youtube.com\\\/watch?v=QvZwYL13tRw&quot;,&quot;autoplay&quot;:&quot;yes&quot;,&quot;play_on_mobile&quot;:&quot;yes&quot;,&quot;loop&quot;:&quot;yes&quot;,&quot;_animation&quot;:&quot;fadeInUp&quot;,&quot;video_type&quot;:&quot;youtube&quot;,&quot;controls&quot;:&quot;yes&quot;}\" data-widget_type=\"video.default\">\n\t\t\t\t<div class=\"elementor-widget-container\">\n\t\t\t\t\t\t\t<div class=\"elementor-wrapper elementor-open-inline\">\n\t\t\t<div class=\"elementor-video\"><\/div>\t\t<\/div>\n\t\t\t\t\t\t<\/div>\n\t\t\t\t<\/div>\n\t\t\t\t\t<\/div>\n\t\t\t\t<\/div>\n\t\t<div class=\"elementor-element elementor-element-696f511b e-flex e-con-boxed e-con e-parent\" data-id=\"696f511b\" data-element_type=\"container\">\n\t\t\t\t\t<div class=\"e-con-inner\">\n\t\t<div class=\"elementor-element elementor-element-200863f8 e-con-full e-flex e-con e-child\" data-id=\"200863f8\" data-element_type=\"container\">\n\t\t\t\t<div class=\"elementor-element elementor-element-65edc239 animated-slow elementor-invisible elementor-widget elementor-widget-heading\" data-id=\"65edc239\" data-element_type=\"widget\" data-settings=\"{&quot;_animation&quot;:&quot;fadeInUp&quot;,&quot;_animation_delay&quot;:300}\" data-widget_type=\"heading.default\">\n\t\t\t\t<div class=\"elementor-widget-container\">\n\t\t\t\t\t<h2 class=\"elementor-heading-title elementor-size-default\">Onde a tua aventura nos A\u00e7ores come\u00e7a<\/h2>\t\t\t\t<\/div>\n\t\t\t\t<\/div>\n\t\t\t\t<div class=\"elementor-element elementor-element-15cfbb8e animated-slow elementor-invisible elementor-widget elementor-widget-text-editor\" data-id=\"15cfbb8e\" data-element_type=\"widget\" data-settings=\"{&quot;_animation&quot;:&quot;fadeInUp&quot;,&quot;_animation_delay&quot;:500}\" data-widget_type=\"text-editor.default\">\n\t\t\t\t<div class=\"elementor-widget-container\">\n\t\t\t\t\t\t\t\t\t<p>Os A\u00e7ores s\u00e3o frequentemente descritos como o ponto de encontro entre Europa e o Hawaii, e ainda com uma pitada da Isl\u00e2ndia com quem partilham paisagens vulc\u00e2nicas impressionantes.<\/p><p>Mas, quem nos visita, depressa se apercebe que as nossas ilhas s\u00e3o realmente \u00fanicas e n\u00e3o se p\u00f5em em termos de compara\u00e7\u00e3o com qualquer outro destino.<\/p><p>Tendo permanecido relativamente fora do radar tur\u00edstico durante d\u00e9cadas, o cen\u00e1rio natural das ilhas manteve-se, em grande parte, selvagem e inexplorado, tendo-se assim preservando de forma exemplar a sua natureza pura e a autenticidade do modo de viver do seu povo.<\/p>\t\t\t\t\t\t\t\t<\/div>\n\t\t\t\t<\/div>\n\t\t\t\t<\/div>\n\t\t<div class=\"elementor-element elementor-element-5d1e931 e-con-full e-flex elementor-invisible e-con e-child\" data-id=\"5d1e931\" data-element_type=\"container\" data-settings=\"{&quot;background_background&quot;:&quot;classic&quot;,&quot;animation&quot;:&quot;fadeInUp&quot;}\">\n\t\t\t\t<\/div>\n\t\t\t\t\t<\/div>\n\t\t\t\t<\/div>\n\t\t<div class=\"elementor-element elementor-element-47f5979b e-flex e-con-boxed e-con e-parent\" data-id=\"47f5979b\" data-element_type=\"container\" data-settings=\"{&quot;background_background&quot;:&quot;classic&quot;}\">\n\t\t\t\t\t<div class=\"e-con-inner\">\n\t\t<div class=\"elementor-element elementor-element-bd5d617 e-grid e-con-full e-con e-child\" data-id=\"bd5d617\" data-element_type=\"container\">\n\t\t<div class=\"elementor-element elementor-element-699ffc41 e-con-full e-flex elementor-invisible e-con e-child\" data-id=\"699ffc41\" data-element_type=\"container\" data-settings=\"{&quot;animation&quot;:&quot;fadeInUp&quot;}\">\n\t\t\t\t<div class=\"elementor-element elementor-element-1ad1b86b animated-slow elementor-invisible elementor-widget elementor-widget-heading\" data-id=\"1ad1b86b\" data-element_type=\"widget\" data-settings=\"{&quot;_animation&quot;:&quot;fadeIn&quot;}\" data-widget_type=\"heading.default\">\n\t\t\t\t<div class=\"elementor-widget-container\">\n\t\t\t\t\t<h2 class=\"elementor-heading-title elementor-size-default\">A nossa<\/h2>\t\t\t\t<\/div>\n\t\t\t\t<\/div>\n\t\t\t\t<div class=\"elementor-element elementor-element-4ddedd57 animated-slow elementor-invisible elementor-widget elementor-widget-heading\" data-id=\"4ddedd57\" data-element_type=\"widget\" data-settings=\"{&quot;_animation&quot;:&quot;fadeIn&quot;,&quot;_animation_delay&quot;:300}\" data-widget_type=\"heading.default\">\n\t\t\t\t<div class=\"elementor-widget-container\">\n\t\t\t\t\t<h2 class=\"elementor-heading-title elementor-size-default\">Miss\u00e3o<\/h2>\t\t\t\t<\/div>\n\t\t\t\t<\/div>\n\t\t\t\t<div class=\"elementor-element elementor-element-3c33a72f animated-slow elementor-invisible elementor-widget elementor-widget-text-editor\" data-id=\"3c33a72f\" data-element_type=\"widget\" data-settings=\"{&quot;_animation&quot;:&quot;fadeIn&quot;,&quot;_animation_delay&quot;:400}\" data-widget_type=\"text-editor.default\">\n\t\t\t\t<div class=\"elementor-widget-container\">\n\t\t\t\t\t\t\t\t\t<p>Acreditamos que viajar deve ser uma experi\u00eancia acess\u00edvel, inclusiva e profundamente ligada \u00e0 comunidade local. A nossa miss\u00e3o \u00e9 proporcionar alojamento de qualidade que privilegia o conv\u00edvio entre viajantes de todo o mundo, promovendo simultaneamente o respeito pelo patrim\u00f3nio natural e cultural dos A\u00e7ores.<\/p>\t\t\t\t\t\t\t\t<\/div>\n\t\t\t\t<\/div>\n\t\t\t\t<\/div>\n\t\t<div class=\"elementor-element elementor-element-29b601c e-con-full e-flex elementor-invisible e-con e-child\" data-id=\"29b601c\" data-element_type=\"container\" data-settings=\"{&quot;animation&quot;:&quot;fadeInUp&quot;}\">\n\t\t\t\t<div class=\"elementor-element elementor-element-621af36 animated-slow elementor-invisible elementor-widget elementor-widget-heading\" data-id=\"621af36\" data-element_type=\"widget\" data-settings=\"{&quot;_animation&quot;:&quot;fadeIn&quot;}\" data-widget_type=\"heading.default\">\n\t\t\t\t<div class=\"elementor-widget-container\">\n\t\t\t\t\t<h2 class=\"elementor-heading-title elementor-size-default\">Localiza\u00e7\u00f5es<\/h2>\t\t\t\t<\/div>\n\t\t\t\t<\/div>\n\t\t\t\t<div class=\"elementor-element elementor-element-9642a2c animated-slow elementor-invisible elementor-widget elementor-widget-heading\" data-id=\"9642a2c\" data-element_type=\"widget\" data-settings=\"{&quot;_animation&quot;:&quot;fadeIn&quot;,&quot;_animation_delay&quot;:300}\" data-widget_type=\"heading.default\">\n\t\t\t\t<div class=\"elementor-widget-container\">\n\t\t\t\t\t<h2 class=\"elementor-heading-title elementor-size-default\">Privilegiadas<\/h2>\t\t\t\t<\/div>\n\t\t\t\t<\/div>\n\t\t\t\t<div class=\"elementor-element elementor-element-eaf8288 animated-slow elementor-invisible elementor-widget elementor-widget-text-editor\" data-id=\"eaf8288\" data-element_type=\"widget\" data-settings=\"{&quot;_animation&quot;:&quot;fadeIn&quot;,&quot;_animation_delay&quot;:400}\" data-widget_type=\"text-editor.default\">\n\t\t\t\t<div class=\"elementor-widget-container\">\n\t\t\t\t\t\t\t\t\t<p>Estamos no centro da a\u00e7\u00e3o \u2014 seja perto das principais portas de mar ou rodeados pela serenidade da paisagem a\u00e7oriana.<br \/>Vivemos num para\u00edso e fazemos tudo para o proteger. Implementamos pr\u00e1ticas eco-friendly para garantir que a tua pegada seja m\u00ednima, mas a tua experi\u00eancia seja m\u00e1xima.<\/p>\t\t\t\t\t\t\t\t<\/div>\n\t\t\t\t<\/div>\n\t\t\t\t<\/div>\n\t\t<div class=\"elementor-element elementor-element-23e00a7 e-con-full e-flex elementor-invisible e-con e-child\" data-id=\"23e00a7\" data-element_type=\"container\" data-settings=\"{&quot;animation&quot;:&quot;fadeInUp&quot;}\">\n\t\t\t\t<div class=\"elementor-element elementor-element-82e1e87 animated-slow elementor-invisible elementor-widget elementor-widget-heading\" data-id=\"82e1e87\" data-element_type=\"widget\" data-settings=\"{&quot;_animation&quot;:&quot;fadeIn&quot;}\" data-widget_type=\"heading.default\">\n\t\t\t\t<div class=\"elementor-widget-container\">\n\t\t\t\t\t<h2 class=\"elementor-heading-title elementor-size-default\">Embaixadores<\/h2>\t\t\t\t<\/div>\n\t\t\t\t<\/div>\n\t\t\t\t<div class=\"elementor-element elementor-element-2595627 animated-slow elementor-invisible elementor-widget elementor-widget-heading\" data-id=\"2595627\" data-element_type=\"widget\" data-settings=\"{&quot;_animation&quot;:&quot;fadeIn&quot;,&quot;_animation_delay&quot;:300}\" data-widget_type=\"heading.default\">\n\t\t\t\t<div class=\"elementor-widget-container\">\n\t\t\t\t\t<h2 class=\"elementor-heading-title elementor-size-default\">das ilhas<\/h2>\t\t\t\t<\/div>\n\t\t\t\t<\/div>\n\t\t\t\t<div class=\"elementor-element elementor-element-85fbedb animated-slow elementor-invisible elementor-widget elementor-widget-text-editor\" data-id=\"85fbedb\" data-element_type=\"widget\" data-settings=\"{&quot;_animation&quot;:&quot;fadeIn&quot;,&quot;_animation_delay&quot;:400}\" data-widget_type=\"text-editor.default\">\n\t\t\t\t<div class=\"elementor-widget-container\">\n\t\t\t\t\t\t\t\t\tSejas um backpacker solit\u00e1rio, um grupo de amigos em busca de trilhos, ou uma fam\u00edlia \u00e0 descoberta das lagoas, temos a solu\u00e7\u00e3o certa para ti. Oferecemos desde quartos partilhados (ideais para quem viaja com or\u00e7amento reduzido) a quartos privados para quem n\u00e3o abdica de total privacidade.\t\t\t\t\t\t\t\t<\/div>\n\t\t\t\t<\/div>\n\t\t\t\t<\/div>\n\t\t\t\t<\/div>\n\t\t\t\t\t<\/div>\n\t\t\t\t<\/div>\n\t\t<div class=\"elementor-element elementor-element-087cbc5 e-flex e-con-boxed e-con e-parent\" data-id=\"087cbc5\" data-element_type=\"container\" data-settings=\"{&quot;animation_laptop&quot;:&quot;fadeInUp&quot;}\">\n\t\t\t\t\t<div class=\"e-con-inner\">\n\t\t<div class=\"elementor-element elementor-element-da84e28 e-con-full e-flex e-con e-child\" data-id=\"da84e28\" data-element_type=\"container\">\n\t\t<div class=\"elementor-element elementor-element-2db5691 e-con-full e-flex e-con e-child\" data-id=\"2db5691\" data-element_type=\"container\">\n\t\t\t\t<div class=\"elementor-element elementor-element-3691fbb9 elementor-invisible elementor-widget elementor-widget-heading\" data-id=\"3691fbb9\" data-element_type=\"widget\" data-settings=\"{&quot;_animation&quot;:&quot;fadeInUp&quot;}\" data-widget_type=\"heading.default\">\n\t\t\t\t<div class=\"elementor-widget-container\">\n\t\t\t\t\t<h2 class=\"elementor-heading-title elementor-size-default\">com a Natureza \u00e0 Porta<\/h2>\t\t\t\t<\/div>\n\t\t\t\t<\/div>\n\t\t\t\t<div class=\"elementor-element elementor-element-6c937e39 elementor-invisible elementor-widget elementor-widget-heading\" data-id=\"6c937e39\" data-element_type=\"widget\" data-settings=\"{&quot;_animation&quot;:&quot;fadeInUp&quot;}\" data-widget_type=\"heading.default\">\n\t\t\t\t<div class=\"elementor-widget-container\">\n\t\t\t\t\t<h2 class=\"elementor-heading-title elementor-size-default\">Descubra, explore<\/h2>\t\t\t\t<\/div>\n\t\t\t\t<\/div>\n\t\t\t\t<\/div>\n\t\t\t\t<div class=\"elementor-element elementor-element-94e95d2 elementor-widget__width-auto elementor-widget-mobile__width-inherit elementor-invisible elementor-widget elementor-widget-jkit_button\" data-id=\"94e95d2\" data-element_type=\"widget\" data-settings=\"{&quot;_animation&quot;:&quot;fadeInUp&quot;}\" data-widget_type=\"jkit_button.default\">\n\t\t\t\t<div class=\"elementor-widget-container\">\n\t\t\t\t\t<div  class=\"jeg-elementor-kit jkit-button  icon-position-after jeg_module___69ecb063bc400\" ><a href=\"#elementor-action%3Aaction%3Dpopup%3Aopen%26settings%3DeyJpZCI6IjIxNTkiLCJ0b2dnbGUiOmZhbHNlfQ%3D%3D\" class=\"jkit-button-wrapper\">RESERVE J\u00c1<svg xmlns=\"http:\/\/www.w3.org\/2000\/svg\" id=\"Outline\" viewbox=\"0 0 512 512\"><path d=\"M390,509c66.2,0,120-53.8,120-120s-53.8-120-120-120-120,53.8-120,120,53.8,120,120,120ZM390,299c49.6,0,90,40.4,90,90s-40.4,90-90,90-90-40.4-90-90,40.4-90,90-90Z\"><\/path><path d=\"M382.5,402l39,22.5c2.4,1.4,5,2,7.5,2,5.2,0,10.2-2.7,13-7.5,4.1-7.2,1.7-16.4-5.5-20.5l-31.5-18.2v-51.3c0-8.3-6.7-15-15-15s-15,6.7-15,15v60c0,5.4,2.9,10.3,7.5,13Z\"><\/path><path d=\"M246.8,428H48c-8.8,0-16-7.2-16-16v-240h416v80.3c0,8.8,7.2,16,16,16s16-7.2,16-16V92c0-26.5-21.5-48-48-48h-80v-16c0-8.8-7.2-16-16-16s-16,7.2-16,16v16h-64v-16c0-8.8-7.2-16-16-16s-16,7.2-16,16v16h-64v-16c0-8.8-7.2-16-16-16s-16,7.2-16,16v16H48C21.5,44,0,65.5,0,92v320c0,26.5,21.5,48,48,48h198.8c8.8,0,16-7.2,16-16s-7.2-16-16-16ZM48,76h80v16c0,8.8,7.2,16,16,16s16-7.2,16-16v-16h64v16c0,8.8,7.2,16,16,16s16-7.2,16-16v-16h64v16c0,8.8,7.2,16,16,16s16-7.2,16-16v-16h80c8.8,0,16,7.2,16,16v48H32v-48c0-8.8,7.2-16,16-16Z\"><\/path><path d=\"M80,204c-8.8,0-16,7.2-16,16s7.2,16,16,16h96c8.8,0,16-7.2,16-16s-7.2-16-16-16h-96Z\"><\/path><\/svg><\/a><\/div>\t\t\t\t<\/div>\n\t\t\t\t<\/div>\n\t\t\t\t<\/div>\n\t\t\t\t\t<\/div>\n\t\t\t\t<\/div>\n\t\t<div class=\"elementor-element elementor-element-0918bb3 e-con-full e-flex elementor-invisible e-con e-parent\" data-id=\"0918bb3\" data-element_type=\"container\" data-settings=\"{&quot;background_background&quot;:&quot;classic&quot;,&quot;animation&quot;:&quot;fadeInUp&quot;}\">\n\t\t\t\t<div class=\"elementor-element elementor-element-5739800 animated-slow elementor-invisible elementor-widget elementor-widget-heading\" data-id=\"5739800\" data-element_type=\"widget\" data-settings=\"{&quot;_animation&quot;:&quot;fadeInUp&quot;,&quot;_animation_delay&quot;:300,&quot;motion_fx_motion_fx_scrolling&quot;:&quot;yes&quot;,&quot;motion_fx_translateY_effect&quot;:&quot;yes&quot;,&quot;motion_fx_translateY_speed&quot;:{&quot;unit&quot;:&quot;px&quot;,&quot;size&quot;:4,&quot;sizes&quot;:[]},&quot;motion_fx_translateY_affectedRange&quot;:{&quot;unit&quot;:&quot;%&quot;,&quot;size&quot;:&quot;&quot;,&quot;sizes&quot;:{&quot;start&quot;:0,&quot;end&quot;:100}},&quot;motion_fx_devices&quot;:[&quot;widescreen&quot;,&quot;desktop&quot;,&quot;laptop&quot;,&quot;tablet_extra&quot;,&quot;tablet&quot;,&quot;mobile_extra&quot;,&quot;mobile&quot;]}\" data-widget_type=\"heading.default\">\n\t\t\t\t<div class=\"elementor-widget-container\">\n\t\t\t\t\t<h2 class=\"elementor-heading-title elementor-size-default\">Entre o mar<br>\ne a montanha<\/h2>\t\t\t\t<\/div>\n\t\t\t\t<\/div>\n\t\t\t\t<\/div>\n\t\t\t\t<\/div>","protected":false},"excerpt":{"rendered":"<p>Sobre n\u00f3s azores youth hostels azores youth hostels O Teu Ref\u00fagio Seguro e Confort\u00e1vel Onde a tua aventura nos A\u00e7ores come\u00e7a Os A\u00e7ores s\u00e3o frequentemente descritos como o ponto de encontro entre Europa e o Hawaii, e ainda com uma pitada da Isl\u00e2ndia com quem partilham paisagens vulc\u00e2nicas impressionantes. Mas, quem nos visita, depressa se [&hellip;]<\/p>","protected":false},"author":1,"featured_media":2451,"parent":0,"menu_order":2,"comment_status":"closed","ping_status":"closed","template":"elementor_header_footer","meta":{"_acf_changed":false,"footnotes":""},"class_list":["post-2461","page","type-page","status-publish","has-post-thumbnail","hentry"],"acf":[],"_links":{"self":[{"href":"https:\/\/azoresyouthhostels.com\/en\/wp-json\/wp\/v2\/pages\/2461","targetHints":{"allow":["GET"]}}],"collection":[{"href":"https:\/\/azoresyouthhostels.com\/en\/wp-json\/wp\/v2\/pages"}],"about":[{"href":"https:\/\/azoresyouthhostels.com\/en\/wp-json\/wp\/v2\/types\/page"}],"author":[{"embeddable":true,"href":"https:\/\/azoresyouthhostels.com\/en\/wp-json\/wp\/v2\/users\/1"}],"replies":[{"embeddable":true,"href":"https:\/\/azoresyouthhostels.com\/en\/wp-json\/wp\/v2\/comments?post=2461"}],"version-history":[{"count":0,"href":"https:\/\/azoresyouthhostels.com\/en\/wp-json\/wp\/v2\/pages\/2461\/revisions"}],"wp:featuredmedia":[{"embeddable":true,"href":"https:\/\/azoresyouthhostels.com\/en\/wp-json\/wp\/v2\/media\/2451"}],"wp:attachment":[{"href":"https:\/\/azoresyouthhostels.com\/en\/wp-json\/wp\/v2\/media?parent=2461"}],"curies":[{"name":"wp","href":"https:\/\/api.w.org\/{rel}","templated":true}]}}